{"id":1097,"date":"2019-12-29T00:14:00","date_gmt":"2019-12-29T00:14:00","guid":{"rendered":"https:\/\/prerelease.clorox.ca\/products\/eau-de-javel-concentree-clorox-au-parfum-original-2\/"},"modified":"2022-07-26T20:03:15","modified_gmt":"2022-07-26T20:03:15","slug":"eau-de-javel-concentree-clorox-au-parfum-original","status":"publish","type":"product","link":"https:\/\/www.clorox.ca\/fr\/produits\/eau-de-javel-concentree-clorox-au-parfum-original\/","title":{"rendered":"Eau de Javel concentr\u00e9e Clorox\u00ae\u00a0au parfum original"},"content":{"rendered":"<p>Connue et aim\u00e9e depuis des g\u00e9n\u00e9rations pour son pouvoir nettoyant, blanchissant et d\u00e9sodorisant, l\u2019eau de Javel concentr\u00e9e Clorox\u00ae au parfum original facilite l\u2019enl\u00e8vement des taches. Pour assurer la salubrit\u00e9 de votre foyer et garder vos blancs aussi blancs que possible, fiez-vous \u00e0 l\u2019eau de Javel Clorox\u00ae. Utilisez ce produit selon le mode d\u2019emploi.<br \/>\r\n<ul>\r\n \t<li>L\u2019anse facile \u00e0 saisir aide \u00e0 pr\u00e9venir les d\u00e9g\u00e2ts.<\/li>\r\n \t<li>Garde les v\u00eatements blancs plus longtemps.<\/li>\r\n \t<li>Dose 33 % plus petite.<\/li>\r\n \t<li>Ce produit enl\u00e8ve 70 % plus de taches*.<\/li>\r\n \t<li>Le produit est compatible avec les laveuses HE et les laveuses standards.<\/li>\r\n<\/ul>\r\n<\/p>\r\n<span>Format(s) offert(s):\r\n<ul>\r\n<li>1,27 L<\/li>\r\n<li>2,4 L<\/li>\r\n<li>3,57 L<\/li>\r\n<\/ul>\r\n<\/p>\r\n\r\n<p><sup>* Comparativement au d\u00e9tergent utilis\u00e9 seul dans une laveuse HE.<\/sup><\/p>","protected":false},"featured_media":1262,"template":"","product_category":[46,21,28,14,16,7,9,50,18,25,11,15,60,27],"class_list":["post-1097","product","type-product","status-publish","has-post-thumbnail","hentry","product_category-clorox","product_category-kitchen","product_category-deodorizing","product_category-stain-removers","product_category-bleach","product_category-laundry","product_category-laundry-room","product_category-anywhere","product_category-cleaning-and-disinfecting","product_category-floor","product_category-liquids","product_category-bathroom","product_category-unscented","product_category-all-purpose"],"acf":[],"_links":{"self":[{"href":"https:\/\/www.clorox.ca\/fr\/wp-json\/wp\/v2\/product\/1097","targetHints":{"allow":["GET"]}}],"collection":[{"href":"https:\/\/www.clorox.ca\/fr\/wp-json\/wp\/v2\/product"}],"about":[{"href":"https:\/\/www.clorox.ca\/fr\/wp-json\/wp\/v2\/types\/product"}],"version-history":[{"count":8,"href":"https:\/\/www.clorox.ca\/fr\/wp-json\/wp\/v2\/product\/1097\/revisions"}],"predecessor-version":[{"id":2071,"href":"https:\/\/www.clorox.ca\/fr\/wp-json\/wp\/v2\/product\/1097\/revisions\/2071"}],"wp:featuredmedia":[{"embeddable":true,"href":"https:\/\/www.clorox.ca\/fr\/wp-json\/wp\/v2\/media\/1262"}],"wp:attachment":[{"href":"https:\/\/www.clorox.ca\/fr\/wp-json\/wp\/v2\/media?parent=1097"}],"wp:term":[{"taxonomy":"product_category","embeddable":true,"href":"https:\/\/www.clorox.ca\/fr\/wp-json\/wp\/v2\/product_category?post=1097"}],"curies":[{"name":"wp","href":"https:\/\/api.w.org\/{rel}","templated":true}]}}