{"id":1103,"date":"2019-12-29T00:01:56","date_gmt":"2019-12-29T00:01:56","guid":{"rendered":"https:\/\/prerelease.clorox.ca\/products\/serviettes-desinfectantes-clorox\/"},"modified":"2022-07-26T15:15:03","modified_gmt":"2022-07-26T15:15:03","slug":"serviettes-desinfectantes-clorox","status":"publish","type":"product","link":"https:\/\/www.clorox.ca\/fr\/produits\/serviettes-desinfectantes-clorox\/","title":{"rendered":"Serviettes d\u00e9sinfectantes Clorox\u00ae"},"content":{"rendered":"<p>Les serviettes d\u00e9sinfectantes Clorox\u00ae sont faciles \u00e0 utiliser sur un grand nombre de surfaces dures et non poreuses, telles que les miroirs et le verre. Gr\u00e2ce \u00e0 leur puissante action nettoyante, elles sont efficaces pour dissoudre la graisse de cuisine et combattre les r\u00e9sidus de savon. Gardez-en une bo\u00eete \u00e0 votre port\u00e9e dans la cuisine, dans la salle de bain ou au bureau pour nettoyer et d\u00e9sinfecter rapidement les surfaces.<\/p>\r\n<ul> \r\n\t<li>Tuent le virus qui cause la COVID-19.*<\/li>\r\n\t<li>Tuent 99,9 % des virus et des bact\u00e9ries.<\/li>\r\n\t<li>Tuent les virus du rhume et de la grippe, les staphylocoques, les streptocoques, <em>E. coli,<\/em> les salmonelles et les bact\u00e9ries du genre <em><em>Listeria<\/em><\/em>.<\/li>\r\n<\/ul>\r\n<\/p>\r\n<span>\r\nFormat(s) offert(s) :\r\n<ul>\r\n<li>35 serviettes<\/li>\r\n<li>75 serviettes<\/li>\r\n<\/ul>\r\n<\/span>\r\n<br \/>\r\n<a href=\"\/wp-content\/uploads\/sites\/20\/2021\/01\/194702.266_CDW_FreshScent_75ct_i02_07-11-19-0921.pdf\" target=\"\u201d_blank\u201d\" rel=\"noopener noreferrer\">Lire le mode d\u2019emploi<\/a> sur l\u2019\u00e9tiquette.<\/span>\r\n<br \/><br \/>\r\n<small>* SRAS-CoV-2<\/small>","protected":false},"featured_media":1336,"template":"","product_category":[114,148,104,100,108,112,105,99,111,113,101,109,97,107,110,102,144],"class_list":["post-1103","product","type-product","status-publish","has-post-thumbnail","hentry","product_category-assainissement","product_category-citron","product_category-clorox-fr","product_category-cuisine","product_category-exterieur","product_category-lavande","product_category-nimporte-ou","product_category-nettoyage-et-desinfection","product_category-parfum-fraicheur","product_category-pendant-les-deplacements","product_category-planchers","product_category-produits-parfumes","product_category-salle-de-bain","product_category-sans-eau-de-javel","product_category-serviettes","product_category-tout-usage","product_category-tue-le-virus-de-la-covid-19"],"acf":[],"_links":{"self":[{"href":"https:\/\/www.clorox.ca\/fr\/wp-json\/wp\/v2\/product\/1103","targetHints":{"allow":["GET"]}}],"collection":[{"href":"https:\/\/www.clorox.ca\/fr\/wp-json\/wp\/v2\/product"}],"about":[{"href":"https:\/\/www.clorox.ca\/fr\/wp-json\/wp\/v2\/types\/product"}],"version-history":[{"count":23,"href":"https:\/\/www.clorox.ca\/fr\/wp-json\/wp\/v2\/product\/1103\/revisions"}],"predecessor-version":[{"id":2032,"href":"https:\/\/www.clorox.ca\/fr\/wp-json\/wp\/v2\/product\/1103\/revisions\/2032"}],"wp:featuredmedia":[{"embeddable":true,"href":"https:\/\/www.clorox.ca\/fr\/wp-json\/wp\/v2\/media\/1336"}],"wp:attachment":[{"href":"https:\/\/www.clorox.ca\/fr\/wp-json\/wp\/v2\/media?parent=1103"}],"wp:term":[{"taxonomy":"product_category","embeddable":true,"href":"https:\/\/www.clorox.ca\/fr\/wp-json\/wp\/v2\/product_category?post=1103"}],"curies":[{"name":"wp","href":"https:\/\/api.w.org\/{rel}","templated":true}]}}