{"id":1104,"date":"2019-12-29T00:02:00","date_gmt":"2019-12-29T00:02:00","guid":{"rendered":"https:\/\/prerelease.clorox.ca\/products\/nettoyan-javellisant-desinfectant-clorox-clean-up-en-vaporisateur\/"},"modified":"2022-07-26T20:37:08","modified_gmt":"2022-07-26T20:37:08","slug":"nettoyant-javellisant-desinfectant-clorox-clean-up-en-vaporisateur","status":"publish","type":"product","link":"https:\/\/www.clorox.ca\/fr\/produits\/nettoyant-javellisant-desinfectant-clorox-clean-up-en-vaporisateur\/","title":{"rendered":"Nettoyant javellisant d\u00e9sinfectant Clorox\u00ae\u00a0Clean-Up\u00ae en vaporisateur"},"content":{"rendered":"<p>Le nettoyant javellisant d\u00e9sinfectant Clorox\u00ae Clean-Up\u00ae est con\u00e7u pour nettoyer et d\u00e9sinfecter rapidement et efficacement une foule de surfaces, \u00e0 l\u2019int\u00e9rieur comme \u00e0 l\u2019ext\u00e9rieur. Il dissout au contact les taches tenaces et la salet\u00e9 incrust\u00e9e dans la cuisine et la salle de bain, tout en \u00e9liminant 99,9\u00a0% des germes. Ce nettoyant domestique peut \u00eatre utilis\u00e9 sur un grand nombre de surfaces dures et non poreuses dans la maison, y compris les \u00e9viers et les comptoirs de cuisine, les r\u00e9frig\u00e9rateurs, les \u00e9lectrom\u00e9nagers, les baignoires, les cuvettes, les surfaces en fibre de verre, les planchers, les cabines de douche et les carrelages.<br \/>\r\n<ul>\r\n \t<li>Ce nettoyant tout usage \u00e0 base d\u2019eau de Javel dissout les taches tenaces d\u00e8s l\u2019application.<\/li>\r\n \t<li>Il tue 99,9 % des germes domestiques courants.<\/li>\r\n \t<li>Il peut \u00eatre utilis\u00e9 sur une foule de surfaces.<\/li>\r\n<\/ul><\/p>\r\n<span>Format(s) offert(s):\r\n<ul>\r\n<li>700 mL<\/li>\r\n<li>946 mL<\/li>\r\n<\/ul>\r\n<\/span>\r\n<br \/>\r\n<a href=\"\/wp-content\/uploads\/sites\/20\/2021\/01\/218142.030_CCU_Wrap_946mL.pdf\" target=\"\u201d_blank\u201d\" rel=\"noopener noreferrer\">Lire le mode d&#8217;emploi sur l&#8217;etiquette.<\/span>\r\n<br \/><br \/>\r\n<small>* SRAS-CoV-2<\/small>","protected":false},"featured_media":1395,"template":"","product_category":[104,100,98,105,99,135,111,101,117,97,144],"class_list":["post-1104","product","type-product","status-publish","has-post-thumbnail","hentry","product_category-clorox-fr","product_category-cuisine","product_category-eau-de-javel","product_category-nimporte-ou","product_category-nettoyage-et-desinfection","product_category-original","product_category-parfum-fraicheur","product_category-planchers","product_category-produits-en-vaporisateur","product_category-salle-de-bain","product_category-tue-le-virus-de-la-covid-19"],"acf":[],"_links":{"self":[{"href":"https:\/\/www.clorox.ca\/fr\/wp-json\/wp\/v2\/product\/1104","targetHints":{"allow":["GET"]}}],"collection":[{"href":"https:\/\/www.clorox.ca\/fr\/wp-json\/wp\/v2\/product"}],"about":[{"href":"https:\/\/www.clorox.ca\/fr\/wp-json\/wp\/v2\/types\/product"}],"version-history":[{"count":7,"href":"https:\/\/www.clorox.ca\/fr\/wp-json\/wp\/v2\/product\/1104\/revisions"}],"predecessor-version":[{"id":2082,"href":"https:\/\/www.clorox.ca\/fr\/wp-json\/wp\/v2\/product\/1104\/revisions\/2082"}],"wp:featuredmedia":[{"embeddable":true,"href":"https:\/\/www.clorox.ca\/fr\/wp-json\/wp\/v2\/media\/1395"}],"wp:attachment":[{"href":"https:\/\/www.clorox.ca\/fr\/wp-json\/wp\/v2\/media?parent=1104"}],"wp:term":[{"taxonomy":"product_category","embeddable":true,"href":"https:\/\/www.clorox.ca\/fr\/wp-json\/wp\/v2\/product_category?post=1104"}],"curies":[{"name":"wp","href":"https:\/\/api.w.org\/{rel}","templated":true}]}}