{"id":1105,"date":"2019-12-29T00:03:57","date_gmt":"2019-12-29T00:03:57","guid":{"rendered":"https:\/\/prerelease.clorox.ca\/products\/nettoyant-desinfectant-moussant-a-leau-de-javel-clorox-en-vaporisateur\/"},"modified":"2022-07-26T15:35:24","modified_gmt":"2022-07-26T15:35:24","slug":"nettoyant-desinfectant-moussant-a-leau-de-javel-clorox-en-vaporisateur","status":"publish","type":"product","link":"https:\/\/www.clorox.ca\/fr\/produits\/nettoyant-desinfectant-moussant-a-leau-de-javel-clorox-en-vaporisateur\/","title":{"rendered":"Nettoyant d\u00e9sinfectant moussant \u00e0 l\u2019eau de Javel Clorox\u00ae\u00a0en vaporisateur"},"content":{"rendered":"<p>Le nettoyant moussant \u00e0 l\u2019eau de Javel Clorox\u00ae en vaporisateur tue 99,9 % des bact\u00e9ries et rend la salle de bain \u00e9tincelante de propret\u00e9. Formul\u00e9 avec de l\u2019eau de Javel Clorox\u00ae, ce nettoyant moussant pour salle de bain dissout facilement la salet\u00e9 incrust\u00e9e et les r\u00e9sidus de savon. Il tue \u00e9galement les germes couramment pr\u00e9sents dans la salle de bain, tels que <em>Staphylococcus aureus<\/em> et <em>Trichophyton mentagrophytes<\/em> (champignon du pied d\u2019athl\u00e8te). Efficace pour dissoudre les taches tenaces de moisissure, cette formule \u00e0 l\u2019eau de Javel \u00e0 action moussante est parfaite pour rafra\u00eechir et nettoyer les baignoires, les carrelages, les cuvettes, les lavabos et les comptoirs. De plus, la technologie Smart Tube<sup>MC permet de vaporiser le produit jusqu\u2019\u00e0 la derni\u00e8re goutte. Pour une salle de bain qui brille de propret\u00e9, faites confiance au nettoyant moussant \u00e0 l\u2019eau de Javel Clorox\u00ae en vaporisateur.<\/p>\r\n\r\n<p>\r\n  <ul>\r\n    <li>Ce produit tue 99,9 % des bact\u00e9ries et des moisissures pr\u00e9sentes sur les surfaces domestiques.<\/li>\r\n    <li>Il d\u00e9loge les taches, la salet\u00e9 incrust\u00e9e et les r\u00e9sidus de savon.<\/li>  \r\n    <li>Sa formule \u00e0 l\u2019eau de Javel \u00e0 action moussante enl\u00e8ve les taches tenaces de moisissure.<\/li>\r\n    <li>La technologie Smart Tube<sup>MC vous permet de vaporiser le produit jusqu\u2019\u00e0 la derni\u00e8re goutte.<\/li>  \r\n  <\/ul>\r\n<\/p>\r\n\r\n<span>Format(s) offert(s):\r\n<ul>\r\n<li>887 mL<\/li>\r\n<\/ul>\r\n<\/span>","protected":false},"featured_media":1911,"template":"","product_category":[114,104,100,96,98,99,101,117,97,106],"class_list":["post-1105","product","type-product","status-publish","has-post-thumbnail","hentry","product_category-assainissement","product_category-clorox-fr","product_category-cuisine","product_category-detachants","product_category-eau-de-javel","product_category-nettoyage-et-desinfection","product_category-planchers","product_category-produits-en-vaporisateur","product_category-salle-de-bain","product_category-sans-parfum"],"acf":[],"_links":{"self":[{"href":"https:\/\/www.clorox.ca\/fr\/wp-json\/wp\/v2\/product\/1105","targetHints":{"allow":["GET"]}}],"collection":[{"href":"https:\/\/www.clorox.ca\/fr\/wp-json\/wp\/v2\/product"}],"about":[{"href":"https:\/\/www.clorox.ca\/fr\/wp-json\/wp\/v2\/types\/product"}],"version-history":[{"count":3,"href":"https:\/\/www.clorox.ca\/fr\/wp-json\/wp\/v2\/product\/1105\/revisions"}],"predecessor-version":[{"id":2036,"href":"https:\/\/www.clorox.ca\/fr\/wp-json\/wp\/v2\/product\/1105\/revisions\/2036"}],"wp:featuredmedia":[{"embeddable":true,"href":"https:\/\/www.clorox.ca\/fr\/wp-json\/wp\/v2\/media\/1911"}],"wp:attachment":[{"href":"https:\/\/www.clorox.ca\/fr\/wp-json\/wp\/v2\/media?parent=1105"}],"wp:term":[{"taxonomy":"product_category","embeddable":true,"href":"https:\/\/www.clorox.ca\/fr\/wp-json\/wp\/v2\/product_category?post=1105"}],"curies":[{"name":"wp","href":"https:\/\/api.w.org\/{rel}","templated":true}]}}