{"id":1107,"date":"2019-12-29T00:05:34","date_gmt":"2019-12-29T00:05:34","guid":{"rendered":"https:\/\/prerelease.clorox.ca\/products\/nettoyant-desinfectant-tout-usage-clorox-en-vaporisateur\/"},"modified":"2022-07-26T20:47:05","modified_gmt":"2022-07-26T20:47:05","slug":"nettoyant-desinfectant-tout-usage-clorox-en-vaporisateur","status":"publish","type":"product","link":"https:\/\/www.clorox.ca\/fr\/produits\/nettoyant-desinfectant-tout-usage-clorox-en-vaporisateur\/","title":{"rendered":"Nettoyant d\u00e9sinfectant tout usage Clorox\u00ae\u00a0en vaporisateur"},"content":{"rendered":"<p>Le nettoyant d\u00e9sinfectant tout usage Clorox\u00ae est le produit par excellence pour nettoyer, d\u00e9graisser et d\u00e9sinfecter une foule de surfaces domestiques. Sa formule antibact\u00e9rienne dissout rapidement la graisse et la salet\u00e9 incrust\u00e9e tout en \u00e9liminant 99,9\u00a0% des bact\u00e9ries. Elle aide \u00e9galement \u00e0 pr\u00e9venir l\u2019accumulation de salet\u00e9 et de r\u00e9sidus de savon dans la cuisine et la salle de bain, et d\u00e9sodorise en d\u00e9gageant un frais parfum de propret\u00e9. Non abrasif et sans eau de Javel, ce nettoyant domestique peut s\u2019utiliser sur une foule de surfaces dures et non poreuses, telles que les cuisini\u00e8res, les \u00e9viers et lavabos, les comptoirs, l\u2019ext\u00e9rieur des micro-ondes et plus encore.<br \/>\r\n<ul>\r\n \t<li>Ce produit nettoie les surfaces, d\u00e9loge la graisse et la salet\u00e9 incrust\u00e9e, et d\u00e9sodorise.<\/li>\r\n \t<li>Il tue 99,9 % des bact\u00e9ries tout en pr\u00e9venant l\u2019accumulation de salet\u00e9 et de r\u00e9sidus de savon.<\/li>\r\n \t<li>Il est sans danger pour de nombreuses surfaces dures et non poreuses dans la maison.<\/li>\r\n<\/ul><\/p>\r\n<span>Format(s) offert(s):\r\n<ul>\r\n<li>946 mL<\/li>\r\n<\/ul>\r\n<\/span>\r\n<br \/>\r\n<small>* SRAS-CoV-2<\/small>","protected":false},"featured_media":1541,"template":"","product_category":[114,104,100,96,105,99,101,117,97,107,106,102,144],"class_list":["post-1107","product","type-product","status-publish","has-post-thumbnail","hentry","product_category-assainissement","product_category-clorox-fr","product_category-cuisine","product_category-detachants","product_category-nimporte-ou","product_category-nettoyage-et-desinfection","product_category-planchers","product_category-produits-en-vaporisateur","product_category-salle-de-bain","product_category-sans-eau-de-javel","product_category-sans-parfum","product_category-tout-usage","product_category-tue-le-virus-de-la-covid-19"],"acf":[],"_links":{"self":[{"href":"https:\/\/www.clorox.ca\/fr\/wp-json\/wp\/v2\/product\/1107","targetHints":{"allow":["GET"]}}],"collection":[{"href":"https:\/\/www.clorox.ca\/fr\/wp-json\/wp\/v2\/product"}],"about":[{"href":"https:\/\/www.clorox.ca\/fr\/wp-json\/wp\/v2\/types\/product"}],"version-history":[{"count":6,"href":"https:\/\/www.clorox.ca\/fr\/wp-json\/wp\/v2\/product\/1107\/revisions"}],"predecessor-version":[{"id":2085,"href":"https:\/\/www.clorox.ca\/fr\/wp-json\/wp\/v2\/product\/1107\/revisions\/2085"}],"wp:featuredmedia":[{"embeddable":true,"href":"https:\/\/www.clorox.ca\/fr\/wp-json\/wp\/v2\/media\/1541"}],"wp:attachment":[{"href":"https:\/\/www.clorox.ca\/fr\/wp-json\/wp\/v2\/media?parent=1107"}],"wp:term":[{"taxonomy":"product_category","embeddable":true,"href":"https:\/\/www.clorox.ca\/fr\/wp-json\/wp\/v2\/product_category?post=1107"}],"curies":[{"name":"wp","href":"https:\/\/api.w.org\/{rel}","templated":true}]}}