{"id":1110,"date":"2019-12-29T00:07:13","date_gmt":"2019-12-29T00:07:13","guid":{"rendered":"https:\/\/prerelease.clorox.ca\/products\/nettoyant-quotidien-pour-la-douche-tilex-en-vaporisateur\/"},"modified":"2022-07-26T20:49:57","modified_gmt":"2022-07-26T20:49:57","slug":"nettoyant-quotidien-pour-la-douche-tilex-en-vaporisateur","status":"publish","type":"product","link":"https:\/\/www.clorox.ca\/fr\/produits\/nettoyant-quotidien-pour-la-douche-tilex-en-vaporisateur\/","title":{"rendered":"Nettoyant quotidien pour la douche Tilex\u00ae\u00a0en vaporisateur"},"content":{"rendered":"<p>Gr\u00e2ce au nettoyant quotidien pour la douche Tilex\u00ae, il est facile comme tout d\u2019\u00e9liminer les d\u00e9p\u00f4ts sur les parois de votre cabine de douche. Aucun rin\u00e7age ni aucun essuyage requis, et aucun ingr\u00e9dient chimique fort dont vous devez vous soucier. Il suffit de vaporiser et de laisser agir!<br \/>\r\n<ul>\r\n \t<li>Le produit pr\u00e9vient l\u2019accumulation de r\u00e9sidus de savon et de r\u00e9sidus d\u2019eau dure.<\/li>\r\n \t<li>Aucun rin\u00e7age, essuyage ni frottage requis.<\/li>\r\n \t<li>Sans eau de Javel, ammoniaque ni ingr\u00e9dients chimiques forts.<\/li>\r\n \t<li>Ne laisse aucune pellicule terne.<\/li>\r\n<\/ul><\/p>\r\n<span>Disponible en:\r\n<ul>\r\n<li>946 mL<\/li>\r\n<\/ul>\r\n<\/span>","protected":false},"featured_media":1328,"template":"","product_category":[105,99,111,117,95,97,107,119],"class_list":["post-1110","product","type-product","status-publish","has-post-thumbnail","hentry","product_category-nimporte-ou","product_category-nettoyage-et-desinfection","product_category-parfum-fraicheur","product_category-produits-en-vaporisateur","product_category-produits-liquides","product_category-salle-de-bain","product_category-sans-eau-de-javel","product_category-tilex-fr"],"acf":[],"_links":{"self":[{"href":"https:\/\/www.clorox.ca\/fr\/wp-json\/wp\/v2\/product\/1110","targetHints":{"allow":["GET"]}}],"collection":[{"href":"https:\/\/www.clorox.ca\/fr\/wp-json\/wp\/v2\/product"}],"about":[{"href":"https:\/\/www.clorox.ca\/fr\/wp-json\/wp\/v2\/types\/product"}],"version-history":[{"count":3,"href":"https:\/\/www.clorox.ca\/fr\/wp-json\/wp\/v2\/product\/1110\/revisions"}],"predecessor-version":[{"id":2087,"href":"https:\/\/www.clorox.ca\/fr\/wp-json\/wp\/v2\/product\/1110\/revisions\/2087"}],"wp:featuredmedia":[{"embeddable":true,"href":"https:\/\/www.clorox.ca\/fr\/wp-json\/wp\/v2\/media\/1328"}],"wp:attachment":[{"href":"https:\/\/www.clorox.ca\/fr\/wp-json\/wp\/v2\/media?parent=1110"}],"wp:term":[{"taxonomy":"product_category","embeddable":true,"href":"https:\/\/www.clorox.ca\/fr\/wp-json\/wp\/v2\/product_category?post=1110"}],"curies":[{"name":"wp","href":"https:\/\/api.w.org\/{rel}","templated":true}]}}