{"id":1118,"date":"2019-12-29T00:12:37","date_gmt":"2019-12-29T00:12:37","guid":{"rendered":"https:\/\/prerelease.clorox.ca\/products\/nettoyant-desinfectant-pour-cuvette-clorox-avec-eau-de-javel\/"},"modified":"2022-07-26T18:12:28","modified_gmt":"2022-07-26T18:12:28","slug":"nettoyant-desinfectant-pour-cuvette-clorox-avec-eau-de-javel","status":"publish","type":"product","link":"https:\/\/www.clorox.ca\/fr\/produits\/nettoyant-desinfectant-pour-cuvette-clorox-avec-eau-de-javel\/","title":{"rendered":"Nettoyant d\u00e9sinfectant pour cuvette Clorox\u00ae\u00a0avec eau de Javel"},"content":{"rendered":"<p>Le nettoyant d\u00e9sinfectant pour cuvette Clorox\u00ae avec eau de Javel nettoie en profondeur, tue 99,9 % des germes et enl\u00e8ve les taches, laissant la cuvette \u00e9tincelante de propret\u00e9. Unique en son genre, le bouchon applicateur \u00e0 jet large permet de recouvrir toute la cuvette et de bien appliquer le produit sous le rebord. Le nettoyant d\u00e9sinfectant pour cuvette Clorox\u00ae avec eau de Javel nettoie, d\u00e9sodorise et d\u00e9sinfecte la cuvette tout en laissant un parfum de fra\u00eecheur. De plus, sa formule non abrasive n\u2019\u00e9gratigne pas les surfaces et peut \u00eatre utilis\u00e9e sans danger dans les fosses septiques.<br \/>\r\n<ul>\r\n \t<li>La formule non abrasive n\u2019\u00e9gratigne pas les surfaces et peut \u00eatre utilis\u00e9e sans danger dans les fosses septiques.<\/li>\r\n \t<li>Le nettoyant d\u00e9sinfectant pour cuvette Clorox\u00ae avec eau de Javel tue 99,9 % des germes et \u00e9limine les bact\u00e9ries responsables des odeurs.<\/li>\r\n \t<li>Le produit blanchit les surfaces gr\u00e2ce \u00e0 la puissance de l\u2019eau de Javel Clorox\u00ae.<\/li>\r\n<\/ul>\r\n<\/p>\r\n<span>Format(s) offert(s):\r\n<ul>\r\n<li>709 mL<\/li>\r\n<\/ul>\r\n<\/span>\r\n<br \/>\r\n<a href=\"\/wp-content\/uploads\/sites\/20\/2021\/02\/138300.027_CDNTBC_Desinft709mL_i01_24-07-13-1151-1.jpg\" target=\"_blank\" rel=\"noopener noreferrer\">Lire l\u2019\u00e9tiquette<\/a> pour obtenir des instructions<\/span>\r\n<p> <\/p>\r\n<small>* SRAS-CoV-2<\/small>\r\n<hr align=\"left\" size=\"3\" \/>\r\n<br \/>\r\n<p>Parfums:\u00a0\u00a0\u00a0<img loading=\"lazy\" decoding=\"async\" class=\"alignnone size-full wp-image-941\" src=\"\/wp-content\/uploads\/sites\/20\/2020\/12\/green-25px.jpg\" alt=\"\" width=\"25\" height=\"25\" \/>\u00a0\u00a0\u00a0Parfum fra\u00eecheur<\/p>","protected":false},"featured_media":1958,"template":"","product_category":[104,103,98,99,111,120,97,144],"class_list":["post-1118","product","type-product","status-publish","has-post-thumbnail","hentry","product_category-clorox-fr","product_category-desodorisation","product_category-eau-de-javel","product_category-nettoyage-et-desinfection","product_category-parfum-fraicheur","product_category-produits-en-gel","product_category-salle-de-bain","product_category-tue-le-virus-de-la-covid-19"],"acf":[],"_links":{"self":[{"href":"https:\/\/www.clorox.ca\/fr\/wp-json\/wp\/v2\/product\/1118","targetHints":{"allow":["GET"]}}],"collection":[{"href":"https:\/\/www.clorox.ca\/fr\/wp-json\/wp\/v2\/product"}],"about":[{"href":"https:\/\/www.clorox.ca\/fr\/wp-json\/wp\/v2\/types\/product"}],"version-history":[{"count":5,"href":"https:\/\/www.clorox.ca\/fr\/wp-json\/wp\/v2\/product\/1118\/revisions"}],"predecessor-version":[{"id":2048,"href":"https:\/\/www.clorox.ca\/fr\/wp-json\/wp\/v2\/product\/1118\/revisions\/2048"}],"wp:featuredmedia":[{"embeddable":true,"href":"https:\/\/www.clorox.ca\/fr\/wp-json\/wp\/v2\/media\/1958"}],"wp:attachment":[{"href":"https:\/\/www.clorox.ca\/fr\/wp-json\/wp\/v2\/media?parent=1118"}],"wp:term":[{"taxonomy":"product_category","embeddable":true,"href":"https:\/\/www.clorox.ca\/fr\/wp-json\/wp\/v2\/product_category?post=1118"}],"curies":[{"name":"wp","href":"https:\/\/api.w.org\/{rel}","templated":true}]}}