{"id":1121,"date":"2019-12-29T00:16:48","date_gmt":"2019-12-29T00:16:48","guid":{"rendered":"https:\/\/prerelease.clorox.ca\/products\/eau-de-javel-fibregard-de-clorox\/"},"modified":"2022-07-26T20:00:22","modified_gmt":"2022-07-26T20:00:22","slug":"eau-de-javel-fibregard-de-clorox","status":"publish","type":"product","link":"https:\/\/www.clorox.ca\/fr\/produits\/eau-de-javel-fibregard-de-clorox\/","title":{"rendered":"Eau de Javel Fibregard\u00ae de Clorox\u00ae"},"content":{"rendered":"<p>L\u2019eau de Javel Fibregard\u00ae de Clorox\u00ae est un produit polyvalent qui offre non seulement le pouvoir blanchissant et d\u00e9tachant qu\u2019il vous faut pour d\u00e9loger les taches tenaces sur les tissus, mais qui nettoie et d\u00e9sodorise aussi un grand nombre de surfaces dans la maison. Quand vient le temps de faire votre grand m\u00e9nage, fiez-vous \u00e0 l\u2019eau de Javel Fibregard\u00ae de Clorox\u00ae, conditionn\u00e9e dans une bouteille \u00e0 versage facile. Utilisez ce produit selon le mode d\u2019emploi.<br \/>\r\n<ul>\r\n \t<li>Ce produit en formule concentr\u00e9e offre un pouvoir blanchissant imbattable.<\/li>\r\n \t<li>Il donne aux v\u00eatements et \u00e0 la maison un agr\u00e9able parfum frais.<\/li>\r\n \t<li>Ce produit enl\u00e8ve 70 % plus de taches*.<\/li>\r\n        <li>Dose 33 % plus petite.<\/li>\r\n<\/ul>\r\n<\/p>\r\n<span>Format(s) offert(s):\r\n<ul>\r\n<li>1,27 L<\/li>\r\n<\/ul>\r\n<\/span>\r\n<br \/>\r\n<p><sup>* Comparativement au d\u00e9tergent utilis\u00e9 seul dans une laveuse HE.<\/sup><\/p>","protected":false},"featured_media":2067,"template":"","product_category":[104,103,96,98,123,94,93,154,99,95,102],"class_list":["post-1121","product","type-product","status-publish","has-post-thumbnail","hentry","product_category-clorox-fr","product_category-desodorisation","product_category-detachants","product_category-eau-de-javel","product_category-fleurs-des-iles","product_category-lessive-fr","product_category-lessive","product_category-lessive-fraiche","product_category-nettoyage-et-desinfection","product_category-produits-liquides","product_category-tout-usage"],"acf":[],"_links":{"self":[{"href":"https:\/\/www.clorox.ca\/fr\/wp-json\/wp\/v2\/product\/1121","targetHints":{"allow":["GET"]}}],"collection":[{"href":"https:\/\/www.clorox.ca\/fr\/wp-json\/wp\/v2\/product"}],"about":[{"href":"https:\/\/www.clorox.ca\/fr\/wp-json\/wp\/v2\/types\/product"}],"version-history":[{"count":5,"href":"https:\/\/www.clorox.ca\/fr\/wp-json\/wp\/v2\/product\/1121\/revisions"}],"predecessor-version":[{"id":2069,"href":"https:\/\/www.clorox.ca\/fr\/wp-json\/wp\/v2\/product\/1121\/revisions\/2069"}],"wp:featuredmedia":[{"embeddable":true,"href":"https:\/\/www.clorox.ca\/fr\/wp-json\/wp\/v2\/media\/2067"}],"wp:attachment":[{"href":"https:\/\/www.clorox.ca\/fr\/wp-json\/wp\/v2\/media?parent=1121"}],"wp:term":[{"taxonomy":"product_category","embeddable":true,"href":"https:\/\/www.clorox.ca\/fr\/wp-json\/wp\/v2\/product_category?post=1121"}],"curies":[{"name":"wp","href":"https:\/\/api.w.org\/{rel}","templated":true}]}}