{"id":1124,"date":"2019-12-29T00:19:53","date_gmt":"2019-12-29T00:19:53","guid":{"rendered":"https:\/\/prerelease.clorox.ca\/products\/clorox-performance-eau-de-javel-desinfectante\/"},"modified":"2022-07-26T20:27:33","modified_gmt":"2022-07-26T20:27:33","slug":"eau-de-javel-desinfectante-performance-de-clorox","status":"publish","type":"product","link":"https:\/\/www.clorox.ca\/fr\/produits\/eau-de-javel-desinfectante-performance-de-clorox\/","title":{"rendered":"Eau de Javel d\u00e9sinfectante Performance\ud83c\udd6a de Clorox\u00ae"},"content":{"rendered":"<p>Ce produit tue les bact\u00e9ries et les virus que l\u2019on retrouve couramment dans la maison et au bureau. Il d\u00e9sinfecte et assainit efficacement de nombreuses surfaces dures et non poreuses dans la maison, telles que les \u00e9viers, les comptoirs, les r\u00e9frig\u00e9rateurs, les \u00e9lectrom\u00e9nagers, les baignoires, les toilettes, le verre, les planchers, les murs, les surfaces qui entrent en contact avec des aliments, les barbecues, et plus encore.<\/p>\r\n<p><ul>\r\n \t<li>Tue 99,9% des bact\u00e9rles et des virus.<\/li>\r\n \t<li>Nettole, blanchlt et d\u00e9loge les taches.<\/li>\r\n \t<li>Tue le SRAS-CoV-2*, virus de la grippe H1H1, les streptocoques et <em>E.coli<\/em>.<\/li>\r\n<\/ul>\r\n<\/p>\r\n<span>Format(s) offert(s):\r\n<ul>\r\n<li>3,57 L<\/li>\r\n<\/ul>\r\n<\/p>\r\n<br \/>\r\n<small>* SRAS-CoV-2<\/small>","protected":false},"featured_media":2099,"template":"","product_category":[114,104,100,98,93,94,105,99,101,95,97,106,144],"class_list":["post-1124","product","type-product","status-publish","has-post-thumbnail","hentry","product_category-assainissement","product_category-clorox-fr","product_category-cuisine","product_category-eau-de-javel","product_category-lessive","product_category-lessive-fr","product_category-nimporte-ou","product_category-nettoyage-et-desinfection","product_category-planchers","product_category-produits-liquides","product_category-salle-de-bain","product_category-sans-parfum","product_category-tue-le-virus-de-la-covid-19"],"acf":[],"_links":{"self":[{"href":"https:\/\/www.clorox.ca\/fr\/wp-json\/wp\/v2\/product\/1124","targetHints":{"allow":["GET"]}}],"collection":[{"href":"https:\/\/www.clorox.ca\/fr\/wp-json\/wp\/v2\/product"}],"about":[{"href":"https:\/\/www.clorox.ca\/fr\/wp-json\/wp\/v2\/types\/product"}],"version-history":[{"count":8,"href":"https:\/\/www.clorox.ca\/fr\/wp-json\/wp\/v2\/product\/1124\/revisions"}],"predecessor-version":[{"id":2078,"href":"https:\/\/www.clorox.ca\/fr\/wp-json\/wp\/v2\/product\/1124\/revisions\/2078"}],"wp:featuredmedia":[{"embeddable":true,"href":"https:\/\/www.clorox.ca\/fr\/wp-json\/wp\/v2\/media\/2099"}],"wp:attachment":[{"href":"https:\/\/www.clorox.ca\/fr\/wp-json\/wp\/v2\/media?parent=1124"}],"wp:term":[{"taxonomy":"product_category","embeddable":true,"href":"https:\/\/www.clorox.ca\/fr\/wp-json\/wp\/v2\/product_category?post=1124"}],"curies":[{"name":"wp","href":"https:\/\/api.w.org\/{rel}","templated":true}]}}