{"id":1186,"date":"2019-12-29T00:27:58","date_gmt":"2019-12-29T00:27:58","guid":{"rendered":"https:\/\/prerelease.clorox.ca\/products\/deboucheur-pro-strength-liquid-plumr-clog-destroyer-urgent-clear\/"},"modified":"2022-07-25T20:29:53","modified_gmt":"2022-07-25T20:29:53","slug":"deboucheur-urgent-clear-de-liquid-plumr","status":"publish","type":"product","link":"https:\/\/www.clorox.ca\/fr\/produits\/deboucheur-urgent-clear-de-liquid-plumr\/","title":{"rendered":"D\u00e9boucheur Urgent Clear\ud83c\udd6a de Liquid-Plumr\u00ae"},"content":{"rendered":"<p>Le puissant d\u00e9boucheur Urgent Clear<sup><small>&#x4D;&#x43;<\/small><\/sup> de Liquid-Plumr\u00ae est con\u00e7u pour d\u00e9loger les bouchons les plus tenaces en seulement 7 minutes. Il s\u2019attaque rapidement aux cheveux, aux amas visqueux et aux r\u00e9sidus de savon, et d\u00e9bouche aussi bien les tuyaux compl\u00e8tement bouch\u00e9s que les tuyaux \u00e0 \u00e9coulement lent. Efficace pour les baignoires, les \u00e9viers de cuisine ou les broyeurs \u00e0 d\u00e9chets, il est sans danger pour les fosses septiques et tous les tuyaux, y compris les tuyaux en PVC, en plastique ou en cuivre ainsi que les vieux tuyaux. Gardez vos tuyaux d\u00e9gag\u00e9s gr\u00e2ce \u00e0 Liquid-Plumr\u00ae.<br \/>\r\n<ul>\r\n \t<li>La puissante formule d\u00e9loge les bouchons les plus tenaces en seulement 7 minutes.<\/li>\r\n \t<li>Le produit d\u00e9bouche aussi bien les tuyaux compl\u00e8tement bouch\u00e9s que les tuyaux \u00e0 \u00e9coulement lent.<\/li>\r\n \t<li>Il s\u2019attaque aux cheveux, aux amas visqueux et aux r\u00e9sidus de savon.<\/li>\r\n \t<li>Il est sans danger pour les fosses septiques et tous les tuyaux, y compris les tuyaux en PVC, en plastique ou en cuivre ainsi que les vieux tuyaux.<\/li>\r\n<\/ul>\r\n<\/p>\r\n<span>Format(s) offert(s):\r\n<ul>\r\n<li>502 mL<\/li>\r\n<\/ul>\r\n<\/p>","protected":false},"featured_media":1346,"template":"","product_category":[134,120,97,107,106],"class_list":["post-1186","product","type-product","status-publish","has-post-thumbnail","hentry","product_category-liquid-plumr","product_category-produits-en-gel","product_category-salle-de-bain","product_category-sans-eau-de-javel","product_category-sans-parfum"],"acf":[],"_links":{"self":[{"href":"https:\/\/www.clorox.ca\/fr\/wp-json\/wp\/v2\/product\/1186","targetHints":{"allow":["GET"]}}],"collection":[{"href":"https:\/\/www.clorox.ca\/fr\/wp-json\/wp\/v2\/product"}],"about":[{"href":"https:\/\/www.clorox.ca\/fr\/wp-json\/wp\/v2\/types\/product"}],"version-history":[{"count":8,"href":"https:\/\/www.clorox.ca\/fr\/wp-json\/wp\/v2\/product\/1186\/revisions"}],"predecessor-version":[{"id":2028,"href":"https:\/\/www.clorox.ca\/fr\/wp-json\/wp\/v2\/product\/1186\/revisions\/2028"}],"wp:featuredmedia":[{"embeddable":true,"href":"https:\/\/www.clorox.ca\/fr\/wp-json\/wp\/v2\/media\/1346"}],"wp:attachment":[{"href":"https:\/\/www.clorox.ca\/fr\/wp-json\/wp\/v2\/media?parent=1186"}],"wp:term":[{"taxonomy":"product_category","embeddable":true,"href":"https:\/\/www.clorox.ca\/fr\/wp-json\/wp\/v2\/product_category?post=1186"}],"curies":[{"name":"wp","href":"https:\/\/api.w.org\/{rel}","templated":true}]}}