{"id":1187,"date":"2019-12-29T00:28:43","date_gmt":"2019-12-29T00:28:43","guid":{"rendered":"https:\/\/prerelease.clorox.ca\/products\/deboucheur-pro-strength-liquid-plumr-destructeur-de-bouchons-garde-tuyaux\/"},"modified":"2022-07-25T20:28:52","modified_gmt":"2022-07-25T20:28:52","slug":"deboucheur-de-bouchons-garde-tuyaux-de-liquid-plumr","status":"publish","type":"product","link":"https:\/\/www.clorox.ca\/fr\/produits\/deboucheur-de-bouchons-garde-tuyaux-de-liquid-plumr\/","title":{"rendered":"D\u00e9boucheur destructeur de bouchons + garde-tuyaux de Liquid-Plumr\u00ae"},"content":{"rendered":"<p>Le puissant d\u00e9boucheur destructeur de bouchons + garde-tuyaux de Liquid-Plumr\u00ae est sp\u00e9cialement formul\u00e9 pour venir \u00e0 bout des bouchons les plus coriaces. Sa formule en gel \u00e9pais traverse l\u2019eau stagnante sans se diluer pour s\u2019attaquer aux cheveux, aux amas visqueux et aux r\u00e9sidus de savon. Il agit rapidement pour \u00e9liminer les bouchons tenaces et permettre \u00e0 l\u2019eau de s\u2019\u00e9couler librement dans les tuyaux. Il est s\u00fbr d\u2019utilisation dans les fosses septiques et dans tous les tuyaux, y compris les tuyaux en PVC, en plastique ou en cuivre ainsi que les vieux tuyaux. Gardez vos tuyaux d\u00e9gag\u00e9s gr\u00e2ce \u00e0 Liquid-Plumr\u00ae.<br \/>\r\n<ul>\r\n \t<li>Ce produit dissout les bouchons tenaces dans les tuyaux compl\u00e8tement bouch\u00e9s.<\/li>\r\n \t<li>Sa formule en gel \u00e9pais traverse l\u2019eau stagnante sans se diluer pour s\u2019attaquer aux bouchons les plus tenaces.<\/li>\r\n \t<li>Il est sans danger pour les fosses septiques et tous les tuyaux, y compris les tuyaux en PVC, en plastique ou en cuivre ainsi que les vieux tuyaux. <\/li>\r\n \t<li>Il fait \u00e9pargner temps et argent en vous permettant de d\u00e9boucher vous-m\u00eame vos tuyaux.<\/li>\r\n<\/ul>\r\n<\/p>\r\n<span>Format(s) offert(s):\r\n<ul>\r\n<li>910 mL<\/li>\r\n<li>2,37 L<\/li>\r\n<li>3,78 L<\/li>\r\n<\/ul>\r\n<\/p>","protected":false},"featured_media":1344,"template":"","product_category":[134,120,97,107,106],"class_list":["post-1187","product","type-product","status-publish","has-post-thumbnail","hentry","product_category-liquid-plumr","product_category-produits-en-gel","product_category-salle-de-bain","product_category-sans-eau-de-javel","product_category-sans-parfum"],"acf":[],"_links":{"self":[{"href":"https:\/\/www.clorox.ca\/fr\/wp-json\/wp\/v2\/product\/1187","targetHints":{"allow":["GET"]}}],"collection":[{"href":"https:\/\/www.clorox.ca\/fr\/wp-json\/wp\/v2\/product"}],"about":[{"href":"https:\/\/www.clorox.ca\/fr\/wp-json\/wp\/v2\/types\/product"}],"version-history":[{"count":6,"href":"https:\/\/www.clorox.ca\/fr\/wp-json\/wp\/v2\/product\/1187\/revisions"}],"predecessor-version":[{"id":2027,"href":"https:\/\/www.clorox.ca\/fr\/wp-json\/wp\/v2\/product\/1187\/revisions\/2027"}],"wp:featuredmedia":[{"embeddable":true,"href":"https:\/\/www.clorox.ca\/fr\/wp-json\/wp\/v2\/media\/1344"}],"wp:attachment":[{"href":"https:\/\/www.clorox.ca\/fr\/wp-json\/wp\/v2\/media?parent=1187"}],"wp:term":[{"taxonomy":"product_category","embeddable":true,"href":"https:\/\/www.clorox.ca\/fr\/wp-json\/wp\/v2\/product_category?post=1187"}],"curies":[{"name":"wp","href":"https:\/\/api.w.org\/{rel}","templated":true}]}}