{"id":1194,"date":"2019-12-29T00:20:03","date_gmt":"2019-12-29T00:20:03","guid":{"rendered":"https:\/\/prerelease.clorox.ca\/products\/detachant-a-lessive-clorox-2\/"},"modified":"2022-08-05T16:18:12","modified_gmt":"2022-08-05T16:18:12","slug":"detachant-a-lessive-clorox-2","status":"publish","type":"product","link":"https:\/\/www.clorox.ca\/fr\/produits\/detachant-a-lessive-clorox-2\/","title":{"rendered":"D\u00e9tachant \u00e0 lessive Clorox 2\u00ae"},"content":{"rendered":"<p>Le d\u00e9tachant \u00e0 lessive Clorox 2\u00ae au parfum original ravive les couleurs et blanchit les blancs tout en donnant un frais parfum de propret\u00e9 \u00e0 vos v\u00eatements. Compatible aussi bien avec les laveuses HE que les laveuses standards, il est sp\u00e9cialement formul\u00e9 pour aider \u00e0 enlever les taches du premier coup. Le d\u00e9tachant \u00e0 lessive Clorox2\u00ae s\u2019utilise sans danger pour laver \u00e0 la fois les v\u00eatements de couleur et les blancs, et convient parfaitement aux brass\u00e9es d\u00e9licates. Il vous permet \u00e9galement d\u2019\u00e9conomiser de l\u2019argent en conservant plus longtemps la belle apparence de vos v\u00eatements. Dites adieu aux taches et utilisez Clorox 2\u00ae pour raviver vos couleurs et blanchir vos blancs.<br \/>\r\n<ul>\r\n \t<li>Ce produit enl\u00e8ve les taches, blanchit les blancs et ravive les couleurs, m\u00eame les tissus d\u00e9licats.<\/li>\r\n \t<li>Il est compatible avec les laveuses HE et les laveuses standards.<\/li>\r\n \t<li>Il donne aux v\u00eatements un agr\u00e9able parfum de propret\u00e9.<\/li>\r\n        <li>Il permet de conserver plus longtemps la belle apparence de vos v\u00eatements.<\/li>\r\n<\/ul>\r\n<\/p>\r\n<span>Format(s) offert(s):\r\n<ul>\r\n<li>3,33 L<\/li>\r\n<\/ul>\r\n<\/span>\r\n","protected":false},"featured_media":2108,"template":"","product_category":[125,96,93,94,135,120,107,106],"class_list":["post-1194","product","type-product","status-publish","has-post-thumbnail","hentry","product_category-clorox-2-fr","product_category-detachants","product_category-lessive","product_category-lessive-fr","product_category-original","product_category-produits-en-gel","product_category-sans-eau-de-javel","product_category-sans-parfum"],"acf":[],"_links":{"self":[{"href":"https:\/\/www.clorox.ca\/fr\/wp-json\/wp\/v2\/product\/1194","targetHints":{"allow":["GET"]}}],"collection":[{"href":"https:\/\/www.clorox.ca\/fr\/wp-json\/wp\/v2\/product"}],"about":[{"href":"https:\/\/www.clorox.ca\/fr\/wp-json\/wp\/v2\/types\/product"}],"version-history":[{"count":5,"href":"https:\/\/www.clorox.ca\/fr\/wp-json\/wp\/v2\/product\/1194\/revisions"}],"predecessor-version":[{"id":2026,"href":"https:\/\/www.clorox.ca\/fr\/wp-json\/wp\/v2\/product\/1194\/revisions\/2026"}],"wp:featuredmedia":[{"embeddable":true,"href":"https:\/\/www.clorox.ca\/fr\/wp-json\/wp\/v2\/media\/2108"}],"wp:attachment":[{"href":"https:\/\/www.clorox.ca\/fr\/wp-json\/wp\/v2\/media?parent=1194"}],"wp:term":[{"taxonomy":"product_category","embeddable":true,"href":"https:\/\/www.clorox.ca\/fr\/wp-json\/wp\/v2\/product_category?post=1194"}],"curies":[{"name":"wp","href":"https:\/\/api.w.org\/{rel}","templated":true}]}}