{"id":1197,"date":"2019-12-29T00:06:30","date_gmt":"2019-12-29T00:06:30","guid":{"rendered":"https:\/\/prerelease.clorox.ca\/products\/nettoyant-desinfectant-pour-salle-de-bain-clorox-en-vaporisateur\/"},"modified":"2022-07-26T17:49:35","modified_gmt":"2022-07-26T17:49:35","slug":"nettoyant-desinfectant-pour-salle-de-bain-clorox-en-vaporisateur","status":"publish","type":"product","link":"https:\/\/www.clorox.ca\/fr\/produits\/nettoyant-desinfectant-pour-salle-de-bain-clorox-en-vaporisateur\/","title":{"rendered":"Nettoyant\u2081 d\u00e9sinfectant pour salle de bain Clorox\u00ae\u00a0en vaporisateur"},"content":{"rendered":"<p>Non seulement le nettoyant<sub>1<\/sub> d\u00e9sinfectant pour salle de bain Clorox\u00ae en vaporisateur tue 99,9 % des germes, mais il dissout aussi la salet\u00e9, la crasse et les r\u00e9sidus de savon. Ce nettoyant est parfait pour nettoyer et d\u00e9sinfecter la baignoire, le carrelage, la cuvette, le lavabo et les comptoirs. Pour une salle de bain qui brille de propret\u00e9, faites confiance au nettoyant1 d\u00e9sinfectant pour salle de bain Clorox\u00ae en vaporisateur.<br \/>\r\n<p>\r\n<ul>\r\n \t<li>Ce produit tue 99,9 % des germes domestiques.<\/li>\r\n \t<li>Il nettoie la salet\u00e9 et la crasse tout en d\u00e9sinfectant.<\/li>\r\n \t<li>Il est sp\u00e9cialement formul\u00e9 pour dissoudre les r\u00e9sidus de savon d\u00e8s l\u2019application.<\/li>\r\n<\/ul>\r\n<\/p>\r\n<span>Format(s) offert(s):\r\n<ul>\r\n<li>887 mL<\/li>\r\n<\/ul>\r\n<\/span>","protected":false},"featured_media":1927,"template":"","product_category":[104,103,99,117,97,106],"class_list":["post-1197","product","type-product","status-publish","has-post-thumbnail","hentry","product_category-clorox-fr","product_category-desodorisation","product_category-nettoyage-et-desinfection","product_category-produits-en-vaporisateur","product_category-salle-de-bain","product_category-sans-parfum"],"acf":[],"_links":{"self":[{"href":"https:\/\/www.clorox.ca\/fr\/wp-json\/wp\/v2\/product\/1197","targetHints":{"allow":["GET"]}}],"collection":[{"href":"https:\/\/www.clorox.ca\/fr\/wp-json\/wp\/v2\/product"}],"about":[{"href":"https:\/\/www.clorox.ca\/fr\/wp-json\/wp\/v2\/types\/product"}],"version-history":[{"count":3,"href":"https:\/\/www.clorox.ca\/fr\/wp-json\/wp\/v2\/product\/1197\/revisions"}],"predecessor-version":[{"id":2040,"href":"https:\/\/www.clorox.ca\/fr\/wp-json\/wp\/v2\/product\/1197\/revisions\/2040"}],"wp:featuredmedia":[{"embeddable":true,"href":"https:\/\/www.clorox.ca\/fr\/wp-json\/wp\/v2\/media\/1927"}],"wp:attachment":[{"href":"https:\/\/www.clorox.ca\/fr\/wp-json\/wp\/v2\/media?parent=1197"}],"wp:term":[{"taxonomy":"product_category","embeddable":true,"href":"https:\/\/www.clorox.ca\/fr\/wp-json\/wp\/v2\/product_category?post=1197"}],"curies":[{"name":"wp","href":"https:\/\/api.w.org\/{rel}","templated":true}]}}