{"id":1198,"date":"2019-12-29T00:10:01","date_gmt":"2019-12-29T00:10:01","guid":{"rendered":"https:\/\/prerelease.clorox.ca\/products\/nettoyant-pour-cuvette-en-gel-adherent-avec-eau-de-javel-clorox\/"},"modified":"2022-07-26T19:33:33","modified_gmt":"2022-07-26T19:33:33","slug":"nettoyant-pour-cuvette-en-gel-adherent-avec-eau-de-javel-clorox","status":"publish","type":"product","link":"https:\/\/www.clorox.ca\/fr\/produits\/nettoyant-pour-cuvette-en-gel-adherent-avec-eau-de-javel-clorox\/","title":{"rendered":"Clorox\u00ae Nettoyant d\u00e9sinfectant pour cuvette gel adh\u00e9rent \u00e0 l\u2019eau de Javel"},"content":{"rendered":"<p>Le nettoyant pour cuvette en gel adh\u00e9rent avec eau de Javel Clorox\u00ae offre toute la puissance de l\u2019eau de Javel Clorox\u00ae dans une formule pratique en gel qui blanchit et fait briller les surfaces. De plus, le bouchon applicateur \u00e0 jet large permet de recouvrir toute la cuvette en un seul pressage de la bouteille. Obtenez des toilettes \u00e9tincelantes de propret\u00e9 gr\u00e2ce au nettoyant pour cuvette en gel adh\u00e9rent avec eau de Javel Clorox\u00ae !<br \/>\r\n<ul>\r\n        <li>Tue 99,9 % des germes.<\/li>\r\n \t<li>Ce produit \u00e0 formule \u00e9paisse adh\u00e8re \u00e0 la surface.<\/li>\r\n \t<li>Son bouchon applicateur \u00e0 jet large permet de recouvrir toute la cuvette en un seul pressage de la bouteille.<\/li>\r\n \t<li>Il offre toute la puissance de l\u2019eau de Javel Clorox\u00ae dans une formule pratique en gel.<\/li>\r\n \t<li>Il blanchit et fait briller les surfaces de la cuvette pour une toilette \u00e9tincelante de propret\u00e9.<\/li>\r\n<\/ul>\r\n<\/p>\r\n<span>Format(s) offert(s):\r\n<ul>\r\n<li>709 mL<\/li>\r\n<\/ul>\r\n<br \/>\r\n<a href=\"\/wp-content\/uploads\/sites\/20\/2021\/01\/138300.041-MTBC-WRAP-BchGelEPA24-CA.pdf\" target=\"_blank\" rel=\"noopener noreferrer\">Lire le mode d&#8217;emploi sur l&#8217;etiquette pour obtenir des instructions<\/span>\r\n<p> <\/p>\r\n<small>* SRAS-CoV-2<\/small>\r\n<hr align=\"left\" size=\"3\" \/>\r\n\r\nParfums:\u00a0\u00a0\u00a0<img loading=\"lazy\" decoding=\"async\" class=\"alignnone size-full wp-image-939\" src=\"\/wp-content\/uploads\/sites\/20\/2020\/12\/cool-wave-25px.jpg\" alt=\"\" width=\"25\" height=\"25\" \/>\u00a0\u00a0\u00a0brume oc\u00e9anique","protected":false},"featured_media":1901,"template":"","product_category":[104,98,99,120,109,97,144],"class_list":["post-1198","product","type-product","status-publish","has-post-thumbnail","hentry","product_category-clorox-fr","product_category-eau-de-javel","product_category-nettoyage-et-desinfection","product_category-produits-en-gel","product_category-produits-parfumes","product_category-salle-de-bain","product_category-tue-le-virus-de-la-covid-19"],"acf":[],"_links":{"self":[{"href":"https:\/\/www.clorox.ca\/fr\/wp-json\/wp\/v2\/product\/1198","targetHints":{"allow":["GET"]}}],"collection":[{"href":"https:\/\/www.clorox.ca\/fr\/wp-json\/wp\/v2\/product"}],"about":[{"href":"https:\/\/www.clorox.ca\/fr\/wp-json\/wp\/v2\/types\/product"}],"version-history":[{"count":6,"href":"https:\/\/www.clorox.ca\/fr\/wp-json\/wp\/v2\/product\/1198\/revisions"}],"predecessor-version":[{"id":2064,"href":"https:\/\/www.clorox.ca\/fr\/wp-json\/wp\/v2\/product\/1198\/revisions\/2064"}],"wp:featuredmedia":[{"embeddable":true,"href":"https:\/\/www.clorox.ca\/fr\/wp-json\/wp\/v2\/media\/1901"}],"wp:attachment":[{"href":"https:\/\/www.clorox.ca\/fr\/wp-json\/wp\/v2\/media?parent=1198"}],"wp:term":[{"taxonomy":"product_category","embeddable":true,"href":"https:\/\/www.clorox.ca\/fr\/wp-json\/wp\/v2\/product_category?post=1198"}],"curies":[{"name":"wp","href":"https:\/\/api.w.org\/{rel}","templated":true}]}}