{"id":1199,"date":"2019-12-29T00:11:00","date_gmt":"2019-12-29T00:11:00","guid":{"rendered":"https:\/\/prerelease.clorox.ca\/products\/nettoyant-automatique-pour-toilettes-clorox-avec-javellisant\/"},"modified":"2022-07-26T18:10:56","modified_gmt":"2022-07-26T18:10:56","slug":"nettoyant-automatique-pour-toilettes-clorox-avec-javellisant","status":"publish","type":"product","link":"https:\/\/www.clorox.ca\/fr\/produits\/nettoyant-automatique-pour-toilettes-clorox-avec-javellisant\/","title":{"rendered":"Nettoyant automatique pour toilettes Clorox\u00ae\u00a0avec javellisant"},"content":{"rendered":"<p>Le nettoyant automatique pour toilettes Clorox\u00ae avec javellisant nettoie, rafra\u00eechit et d\u00e9sodorise tout en permettant un rin\u00e7age javellisant chaque fois que la chasse est actionn\u00e9e ! Il suffit d\u2019ajouter une pastille dans le r\u00e9servoir de la toilette et de la laisser agir. Chaque pastille peut nettoyer et d\u00e9sodoriser la cuvette jusqu\u2019\u00e0 3 mois, \u00e0 raison de 10 chasses d\u2019eau par jour, tout en pr\u00e9venant l\u2019accumulation de taches. Pour une toilette propre et fra\u00eeche, faites confiance au nettoyant automatique pour toilettes Clorox\u00ae avec javellisant.<br \/>\r\n<ul>\r\n \t<li>Le produit permet un rin\u00e7age javellisant chaque fois que la chasse est actionn\u00e9e !<\/li>\r\n \t<li>Il nettoie, rafra\u00eechit et d\u00e9sodorise chaque fois que la chasse est actionn\u00e9e.<\/li>\r\n \t<li>Chaque pastille peut nettoyer et d\u00e9sodoriser la cuvette jusqu\u2019\u00e0 3 mois.<\/li>\r\n \t<li>Ces pastilles faciles \u00e0 utiliser aident \u00e0 nettoyer la cuvette, nuit et jour.<\/li>\r\n<\/ul>\r\n<\/p>\r\n<span>Format (s) offert(s):\r\n<ul>\r\n<li>100 g<\/li>\r\n<\/ul>\r\n<\/span>","protected":false},"featured_media":1210,"template":"","product_category":[104,103,98,124,97,106],"class_list":["post-1199","product","type-product","status-publish","has-post-thumbnail","hentry","product_category-clorox-fr","product_category-desodorisation","product_category-eau-de-javel","product_category-emballages-individuels","product_category-salle-de-bain","product_category-sans-parfum"],"acf":[],"_links":{"self":[{"href":"https:\/\/www.clorox.ca\/fr\/wp-json\/wp\/v2\/product\/1199","targetHints":{"allow":["GET"]}}],"collection":[{"href":"https:\/\/www.clorox.ca\/fr\/wp-json\/wp\/v2\/product"}],"about":[{"href":"https:\/\/www.clorox.ca\/fr\/wp-json\/wp\/v2\/types\/product"}],"version-history":[{"count":5,"href":"https:\/\/www.clorox.ca\/fr\/wp-json\/wp\/v2\/product\/1199\/revisions"}],"predecessor-version":[{"id":2047,"href":"https:\/\/www.clorox.ca\/fr\/wp-json\/wp\/v2\/product\/1199\/revisions\/2047"}],"wp:featuredmedia":[{"embeddable":true,"href":"https:\/\/www.clorox.ca\/fr\/wp-json\/wp\/v2\/media\/1210"}],"wp:attachment":[{"href":"https:\/\/www.clorox.ca\/fr\/wp-json\/wp\/v2\/media?parent=1199"}],"wp:term":[{"taxonomy":"product_category","embeddable":true,"href":"https:\/\/www.clorox.ca\/fr\/wp-json\/wp\/v2\/product_category?post=1199"}],"curies":[{"name":"wp","href":"https:\/\/api.w.org\/{rel}","templated":true}]}}