{"id":1200,"date":"2019-12-29T00:17:59","date_gmt":"2019-12-29T00:17:59","guid":{"rendered":"https:\/\/prerelease.clorox.ca\/products\/eau-de-javel-desinfectante-clorox\/"},"modified":"2022-07-26T19:02:58","modified_gmt":"2022-07-26T19:02:58","slug":"eau-de-javel-desinfectante-clorox","status":"publish","type":"product","link":"https:\/\/www.clorox.ca\/fr\/produits\/eau-de-javel-desinfectante-clorox\/","title":{"rendered":"Eau de Javel d\u00e9sinfectante concentr\u00e9e Clorox\u00ae"},"content":{"rendered":"<p>Connue et aim\u00e9e depuis des g\u00e9n\u00e9rations pour son pouvoir nettoyant, blanchissant et d\u00e9sinfectant, l\u2019eau de Javel d\u00e9sinfectante Clorox\u00ae tue 99,9 % des bact\u00e9ries et des virus, et facilite l\u2019enl\u00e8vement des taches. Elle est offerte dans une bouteille avec anse facile \u00e0 saisir pour optimiser le versage et pr\u00e9venir les d\u00e9g\u00e2ts. L\u2019eau de Javel d\u00e9sinfectante Clorox\u00ae est compatible aussi bien avec les laveuses HE que les laveuses standards. Pour assurer la salubrit\u00e9 de votre foyer et garder vos blancs aussi blancs que possible,  fiez-vous \u00e0 l\u2019eau de Javel Clorox\u00ae. Utilisez ce produit selon le mode d\u2019emploi.<br \/>\r\n<ul>\r\n \t<li>Ce produit tue 99,9 % des bact\u00e9ries et des virus.<\/li>\r\n \t<li>Le produit est compatible avec les laveuses HE et les laveuses standards.<\/li>\r\n \t<li>La formule concentr\u00e9e offre un meilleur pouvoir nettoyant et blanchissant par brass\u00e9e.<\/li>\r\n \t<li>L\u2019anse facile \u00e0 saisir aide \u00e0 pr\u00e9venir les d\u00e9g\u00e2ts.<\/li>\r\n<\/ul>\r\n<\/p>\r\n<span>Format(s) offert(s):\r\n<ul>\r\n<li>1,27 L<\/li>\r\n<\/ul>\r\n<\/p>\r\n<br \/>\r\n<small>* SRAS-CoV-2<\/small>","protected":false},"featured_media":1258,"template":"","product_category":[114,104,100,103,96,98,93,94,105,99,101,95,97,106,102,144],"class_list":["post-1200","product","type-product","status-publish","has-post-thumbnail","hentry","product_category-assainissement","product_category-clorox-fr","product_category-cuisine","product_category-desodorisation","product_category-detachants","product_category-eau-de-javel","product_category-lessive","product_category-lessive-fr","product_category-nimporte-ou","product_category-nettoyage-et-desinfection","product_category-planchers","product_category-produits-liquides","product_category-salle-de-bain","product_category-sans-parfum","product_category-tout-usage","product_category-tue-le-virus-de-la-covid-19"],"acf":[],"_links":{"self":[{"href":"https:\/\/www.clorox.ca\/fr\/wp-json\/wp\/v2\/product\/1200","targetHints":{"allow":["GET"]}}],"collection":[{"href":"https:\/\/www.clorox.ca\/fr\/wp-json\/wp\/v2\/product"}],"about":[{"href":"https:\/\/www.clorox.ca\/fr\/wp-json\/wp\/v2\/types\/product"}],"version-history":[{"count":5,"href":"https:\/\/www.clorox.ca\/fr\/wp-json\/wp\/v2\/product\/1200\/revisions"}],"predecessor-version":[{"id":2058,"href":"https:\/\/www.clorox.ca\/fr\/wp-json\/wp\/v2\/product\/1200\/revisions\/2058"}],"wp:featuredmedia":[{"embeddable":true,"href":"https:\/\/www.clorox.ca\/fr\/wp-json\/wp\/v2\/media\/1258"}],"wp:attachment":[{"href":"https:\/\/www.clorox.ca\/fr\/wp-json\/wp\/v2\/media?parent=1200"}],"wp:term":[{"taxonomy":"product_category","embeddable":true,"href":"https:\/\/www.clorox.ca\/fr\/wp-json\/wp\/v2\/product_category?post=1200"}],"curies":[{"name":"wp","href":"https:\/\/api.w.org\/{rel}","templated":true}]}}