{"id":1201,"date":"2019-12-29T00:15:55","date_gmt":"2019-12-29T00:15:55","guid":{"rendered":"https:\/\/prerelease.clorox.ca\/products\/eau-de-javel-concentree-clorox-sans-eclaboussures\/"},"modified":"2022-07-26T18:44:34","modified_gmt":"2022-07-26T18:44:34","slug":"eau-de-javel-concentree-clorox-sans-eclaboussures","status":"publish","type":"product","link":"https:\/\/www.clorox.ca\/fr\/produits\/eau-de-javel-concentree-clorox-sans-eclaboussures\/","title":{"rendered":"Eau de Javel concentr\u00e9e Clorox\u00ae\u00a0sans \u00e9claboussures"},"content":{"rendered":"<p>Appliquez l\u2019eau de Javel avec pr\u00e9cision gr\u00e2ce \u00e0 l\u2019eau de Javel concentr\u00e9e Clorox\u00ae\u00a0sans \u00e9claboussures. Cette formule \u00e0 usage domestique se pr\u00e9sente sous la forme d\u2019un liquide \u00e9pais et concentr\u00e9, conditionn\u00e9 dans une bouteille facile \u00e0 manipuler, de sorte que vous puissiez appliquer le produit l\u00e0 o\u00f9 vous le voulez, sans d\u00e9g\u00e2ts ni \u00e9claboussures. L\u2019eau de Javel concentr\u00e9e Clorox\u00ae\u00a0sans \u00e9claboussures d\u00e9loge les taches, blanchit les blancs, et nettoie et d\u00e9sodorise les surfaces dans la maison. Elle est compatible aussi bien avec les laveuses HE que les laveuses standards. Utilisez ce produit selon le mode d\u2019emploi.<br \/>\r\n<ul>\r\n \t<li>Cette eau de Javel concentr\u00e9e \u00e0 usage domestique se verse avec plus de pr\u00e9cision.<\/li>\r\n        <li>La formule \u00e9paisse produit moins de d\u00e9g\u00e2ts et d\u2019\u00e9claboussures.<\/li>\r\n \t<li>La bouteille facile \u00e0 manipuler facilite le versage.<\/li>\r\n \t<li>D\u00e9loge les taches et blanchit les blancs en plus de nettoyer et de d\u00e9sodoriser les surfaces de la maison.<\/li>\r\n<\/ul>\r\n<\/p>\r\n<span>Format(s) offert(s):\r\n<ul>\r\n<li>1,18 L<\/li>\r\n<\/ul>\r\n<\/span>\r\n<br \/>\r\n<small>* SRAS-CoV-2<\/small>","protected":false},"featured_media":1270,"template":"","product_category":[104,100,103,96,98,137,93,94,105,99,101,95,97,102],"class_list":["post-1201","product","type-product","status-publish","has-post-thumbnail","hentry","product_category-clorox-fr","product_category-cuisine","product_category-desodorisation","product_category-detachants","product_category-eau-de-javel","product_category-fleurs-sauvages","product_category-lessive","product_category-lessive-fr","product_category-nimporte-ou","product_category-nettoyage-et-desinfection","product_category-planchers","product_category-produits-liquides","product_category-salle-de-bain","product_category-tout-usage"],"acf":[],"_links":{"self":[{"href":"https:\/\/www.clorox.ca\/fr\/wp-json\/wp\/v2\/product\/1201","targetHints":{"allow":["GET"]}}],"collection":[{"href":"https:\/\/www.clorox.ca\/fr\/wp-json\/wp\/v2\/product"}],"about":[{"href":"https:\/\/www.clorox.ca\/fr\/wp-json\/wp\/v2\/types\/product"}],"version-history":[{"count":5,"href":"https:\/\/www.clorox.ca\/fr\/wp-json\/wp\/v2\/product\/1201\/revisions"}],"predecessor-version":[{"id":2054,"href":"https:\/\/www.clorox.ca\/fr\/wp-json\/wp\/v2\/product\/1201\/revisions\/2054"}],"wp:featuredmedia":[{"embeddable":true,"href":"https:\/\/www.clorox.ca\/fr\/wp-json\/wp\/v2\/media\/1270"}],"wp:attachment":[{"href":"https:\/\/www.clorox.ca\/fr\/wp-json\/wp\/v2\/media?parent=1201"}],"wp:term":[{"taxonomy":"product_category","embeddable":true,"href":"https:\/\/www.clorox.ca\/fr\/wp-json\/wp\/v2\/product_category?post=1201"}],"curies":[{"name":"wp","href":"https:\/\/api.w.org\/{rel}","templated":true}]}}