{"id":1492,"date":"2021-02-24T21:29:04","date_gmt":"2021-02-24T21:29:04","guid":{"rendered":"https:\/\/prerelease.clorox.ca\/products\/serviettes-desinfectantes-clorox-on-the-go\/"},"modified":"2022-07-26T15:27:00","modified_gmt":"2022-07-26T15:27:00","slug":"serviettes-desinfectantes-clorox-on-the-go","status":"publish","type":"product","link":"https:\/\/www.clorox.ca\/fr\/produits\/serviettes-desinfectantes-clorox-on-the-go\/","title":{"rendered":"Serviettes d\u00e9sinfectantes Clorox\u00ae ON-THE-GO\ud83c\udd6a"},"content":{"rendered":"<p>Les serviettes d\u00e9sinfectantes Clorox\u00ae ON-THE-GO<sup><small>&#x4D;&#x43;<\/small><\/sup> constituent un moyen facile et pratique de nettoyer et de d\u00e9sinfecter un grand nombre de surfaces pendant les d\u00e9placements.<\/p>\r\n<ul> \r\n\t<li>Nettoyez et d\u00e9sinfectez les surfaces en d\u00e9truisant 99,99 % des bact\u00e9ries et des virus \u00e0 la maison comme ailleurs.<\/li>\r\n\t<li>Pratiques et faciles \u00e0 utiliser, ces serviettes viennent \u00e0 bout de la salet\u00e9 la plus tenace sur les comptoirs de cuisine<\/li>\r\n\t<li>Ces serviettes d\u00e9sinfectantes sont conditionn\u00e9es dans un sachet pratique et parfait pour le sac \u00e0 main, le sac de voyage, le bureau, le v\u00e9hicule et les a\u00e9roports.<\/li>\r\n\t<li>La formule nettoyante sans eau de Javel des serviettes d\u00e9sinfectantes Clorox ON-THE-GO<sup><small>&#x4D;&#x43;<\/small><\/sup> d\u00e9sinfecte et d\u00e9sodorise en une seule \u00e9tape, laissant derri\u00e8re elle un frais parfum de propret\u00e9.<\/li>\r\n<\/ul>\r\n<\/p>\r\n<span>\r\nFormat(s) offer(s):\r\n<ul>\r\n<li>15 serviettes <\/li>\r\n<li>30 serviettes <\/li>\r\n<li>60 serviettes <\/li>\r\n<\/ul>\r\n<\/span>\r\n<br \/><p><sup>* SRAS-CoV-2<\/sup><\/p>\r\n<hr align=\"left\" size=\"3\" \/>\r\n<br \/>\r\n<p>Parfum:\u00a0\u00a0\u00a0<img loading=\"lazy\" decoding=\"async\" src=\"\/wp-content\/uploads\/sites\/20\/2021\/02\/floral-25px.jpg\" alt=\"\" width=\"25\" height=\"25\" class=\"alignnone size-full wp-image-941\" \/>\u00a0\u00a0\u00a0Fra\u00eecheur des pr\u00e9s<\/p>","protected":false},"featured_media":1487,"template":"","product_category":[114,104,100,108,152,92,105,99,101,109,97,107,110,102],"class_list":["post-1492","product","type-product","status-publish","has-post-thumbnail","hentry","product_category-assainissement","product_category-clorox-fr","product_category-cuisine","product_category-exterieur","product_category-fraicheur-des-pres","product_category-marque","product_category-nimporte-ou","product_category-nettoyage-et-desinfection","product_category-planchers","product_category-produits-parfumes","product_category-salle-de-bain","product_category-sans-eau-de-javel","product_category-serviettes","product_category-tout-usage"],"acf":[],"_links":{"self":[{"href":"https:\/\/www.clorox.ca\/fr\/wp-json\/wp\/v2\/product\/1492","targetHints":{"allow":["GET"]}}],"collection":[{"href":"https:\/\/www.clorox.ca\/fr\/wp-json\/wp\/v2\/product"}],"about":[{"href":"https:\/\/www.clorox.ca\/fr\/wp-json\/wp\/v2\/types\/product"}],"version-history":[{"count":12,"href":"https:\/\/www.clorox.ca\/fr\/wp-json\/wp\/v2\/product\/1492\/revisions"}],"predecessor-version":[{"id":2035,"href":"https:\/\/www.clorox.ca\/fr\/wp-json\/wp\/v2\/product\/1492\/revisions\/2035"}],"wp:featuredmedia":[{"embeddable":true,"href":"https:\/\/www.clorox.ca\/fr\/wp-json\/wp\/v2\/media\/1487"}],"wp:attachment":[{"href":"https:\/\/www.clorox.ca\/fr\/wp-json\/wp\/v2\/media?parent=1492"}],"wp:term":[{"taxonomy":"product_category","embeddable":true,"href":"https:\/\/www.clorox.ca\/fr\/wp-json\/wp\/v2\/product_category?post=1492"}],"curies":[{"name":"wp","href":"https:\/\/api.w.org\/{rel}","templated":true}]}}