{"id":1703,"date":"2021-12-23T15:44:05","date_gmt":"2021-12-23T15:44:05","guid":{"rendered":"https:\/\/www.clorox.ca\/?post_type=product&#038;p=1703"},"modified":"2022-08-02T15:36:04","modified_gmt":"2022-08-02T15:36:04","slug":"linges-prehumectes-desinfectants-pour-planchers-clorox","status":"publish","type":"product","link":"https:\/\/www.clorox.ca\/fr\/produits\/linges-prehumectes-desinfectants-pour-planchers-clorox\/","title":{"rendered":"Linges pr\u00e9humect\u00e9s d\u00e9sinfectants pour planchers Clorox\u00ae"},"content":{"rendered":"<p>Les linges pr\u00e9humect\u00e9s d\u00e9sinfectants pour planchers de marque Clorox\u00ae vous offrent un pouvoir nettoyant et d\u00e9sinfectant digne de confiance pour vos planchers. Ces linges pr\u00e9humect\u00e9s sont exempts d\u2019eau de Javel, et gr\u00e2ce \u00e0 leur surface ultra-textur\u00e9e, ils emprisonnent 4 fois plus de particules, de salet\u00e9 et de cheveux que les serviettes d\u00e9sinfectantes Clorox\u00ae.<\/p>\r\n<ul> \r\n\t<li>Nettoient, d\u00e9sinfectent et assainissent<\/li>\r\n\t<li>Linges pr\u00e9humect\u00e9s pour planchers<\/li>\r\n\t<li>Sans eau de javel<\/li>\r\n        <li>S&#8217;utilisent avec la plupart des balais \u00e0 laver<\/li> \r\n<\/ul>\r\n<\/p>\r\n<span>\r\nFormat(s) offert(s) :\r\n<ul>\r\n<li>12 linges<\/li>\r\n<li>24 linges<\/li>\r\n<\/ul>\r\n<\/span>\r\n<br \/>\r\n<a href=\"\/wp-content\/uploads\/sites\/20\/2021\/12\/DMC-Label.pdf\" target=\"\u201d_blank\u201d\" rel=\"noopener noreferrer\">Lire le mode d\u2019emploi<\/a> sur l\u2019\u00e9tiquette.<\/span>\r\n<br \/><br \/>\r\n<small>* SRAS-CoV-2<\/small>\r\n<small>** Pseudomonas aeruginosa, Salmonella enterica, Staphylococcus aureus, Escherichia coli O157:H7, Streptococcus pyogenes, Klebsiella pneumoniae, virus de la grippe de type A2 et virus de la grippe de type B.<\/small><\/p>\r\n<p>Scent:&nbsp;&nbsp;&nbsp;<img loading=\"lazy\" decoding=\"async\" src=\"\/wp-content\/uploads\/sites\/20\/2021\/04\/rain-clean-blue-25px.jpeg\" alt=\"\" width=\"25\" height=\"25\" class=\"alignnone size-full wp-image-941\" \/>&nbsp;&nbsp;&nbsp;Ond\u00e9e de fra\u00eecheur<\/p>","protected":false},"featured_media":2095,"template":"","product_category":[114,104,92,105,99,145,143,141,101,109,97,107,110,144,142,140],"class_list":["post-1703","product","type-product","status-publish","has-post-thumbnail","hentry","product_category-assainissement","product_category-clorox-fr","product_category-marque","product_category-nimporte-ou","product_category-nettoyage-et-desinfection","product_category-ondee-de-fraicheur","product_category-ou-utiliser","product_category-parfum","product_category-planchers","product_category-produits-parfumes","product_category-salle-de-bain","product_category-sans-eau-de-javel","product_category-serviettes","product_category-tue-le-virus-de-la-covid-19","product_category-type-de-produit","product_category-usage-du-produit"],"acf":[],"_links":{"self":[{"href":"https:\/\/www.clorox.ca\/fr\/wp-json\/wp\/v2\/product\/1703","targetHints":{"allow":["GET"]}}],"collection":[{"href":"https:\/\/www.clorox.ca\/fr\/wp-json\/wp\/v2\/product"}],"about":[{"href":"https:\/\/www.clorox.ca\/fr\/wp-json\/wp\/v2\/types\/product"}],"version-history":[{"count":4,"href":"https:\/\/www.clorox.ca\/fr\/wp-json\/wp\/v2\/product\/1703\/revisions"}],"predecessor-version":[{"id":2101,"href":"https:\/\/www.clorox.ca\/fr\/wp-json\/wp\/v2\/product\/1703\/revisions\/2101"}],"wp:featuredmedia":[{"embeddable":true,"href":"https:\/\/www.clorox.ca\/fr\/wp-json\/wp\/v2\/media\/2095"}],"wp:attachment":[{"href":"https:\/\/www.clorox.ca\/fr\/wp-json\/wp\/v2\/media?parent=1703"}],"wp:term":[{"taxonomy":"product_category","embeddable":true,"href":"https:\/\/www.clorox.ca\/fr\/wp-json\/wp\/v2\/product_category?post=1703"}],"curies":[{"name":"wp","href":"https:\/\/api.w.org\/{rel}","templated":true}]}}