{"id":1717,"date":"2022-01-26T16:00:18","date_gmt":"2022-01-26T16:00:18","guid":{"rendered":"https:\/\/www.clorox.ca\/?post_type=product&#038;p=1717"},"modified":"2022-01-31T19:31:53","modified_gmt":"2022-01-31T19:31:53","slug":"bruine-desinfectante-clorox","status":"publish","type":"product","link":"https:\/\/www.clorox.ca\/fr\/produits\/bruine-desinfectante-clorox\/","title":{"rendered":"Bruine d\u00e9sinfectante Clorox\u00ae"},"content":{"rendered":"<p>Bruine d\u00e9sinfectante Clorox\u00ae constituent un moyen facile et pratique de nettoyer et de d\u00e9sinfecterles surfaces qui abritent des germes partout dans la maison. <\/p>\r\n<ul> \r\n\t<li>Nettoyez et d\u00e9sinfectez les surfaces en d\u00e9truisant 99,9 % des bact\u00e9ries et des virus \u00e0 la maison comme ailleurs.<\/li>\r\n\t<li>La bruine d\u00e9sinfectante Clorox\u00ae convient parfaitement \u00e0 la d\u00e9sinfection des surfaces dures, telles que les comptoirs, les poign\u00e9es de porte, les habitacles de v\u00e9hicule, les jouets en plastique*, l\u2019ext\u00e9rieur de la toilette et les portes de cuisini\u00e8re. Il suffit de vaporiser et de laisser agir. (*Rincer les jouets avant de les r\u00e9utiliser.) <\/li>\r\n\t<li>Etraitez ais\u00e9ment et rapidement de grands espaces gr\u00e2ce \u00e0 notre vaporisateur \u00e0 jet continu con\u00e7u pour produire une bruine de haute qualit\u00e9 qui recouvre uniform\u00e9ment les surfaces.<\/li>\r\n\t<li> La bruine d\u00e9sinfectante Clorox\u00ae ne contient pas d\u2019agents propulseurs pour a\u00e9rosols ni d\u2019eau de Javel afin de vous offrir une formule sans piti\u00e9 pour les germes, mais s\u00fbre d\u2019utilisation sur les surfaces dures partout dans la maison.<\/li>\r\n        <li>\u00c9conomisez du plastique et g\u00e9n\u00e9rez moins de d\u00e9chets en utilisant ce vaporisateur con\u00e7u sp\u00e9cifiquement pour \u00eatre r\u00e9utilis\u00e9 avec notre recharge de bruine d\u00e9sinfectante au parfum de citronnelle et de mandarine.<\/li>\r\n<\/ul>\r\n<\/p>\r\n<span>\r\nDisponsible en:\r\n<ul>\r\n<li>473mL <\/li>","protected":false},"featured_media":1714,"template":"","product_category":[114,156,104,100,103,99,141,117,109,97,107,102],"class_list":["post-1717","product","type-product","status-publish","has-post-thumbnail","hentry","product_category-assainissement","product_category-citronnelle-et-mandarine","product_category-clorox-fr","product_category-cuisine","product_category-desodorisation","product_category-nettoyage-et-desinfection","product_category-parfum","product_category-produits-en-vaporisateur","product_category-produits-parfumes","product_category-salle-de-bain","product_category-sans-eau-de-javel","product_category-tout-usage"],"acf":[],"_links":{"self":[{"href":"https:\/\/www.clorox.ca\/fr\/wp-json\/wp\/v2\/product\/1717","targetHints":{"allow":["GET"]}}],"collection":[{"href":"https:\/\/www.clorox.ca\/fr\/wp-json\/wp\/v2\/product"}],"about":[{"href":"https:\/\/www.clorox.ca\/fr\/wp-json\/wp\/v2\/types\/product"}],"version-history":[{"count":13,"href":"https:\/\/www.clorox.ca\/fr\/wp-json\/wp\/v2\/product\/1717\/revisions"}],"predecessor-version":[{"id":1751,"href":"https:\/\/www.clorox.ca\/fr\/wp-json\/wp\/v2\/product\/1717\/revisions\/1751"}],"wp:featuredmedia":[{"embeddable":true,"href":"https:\/\/www.clorox.ca\/fr\/wp-json\/wp\/v2\/media\/1714"}],"wp:attachment":[{"href":"https:\/\/www.clorox.ca\/fr\/wp-json\/wp\/v2\/media?parent=1717"}],"wp:term":[{"taxonomy":"product_category","embeddable":true,"href":"https:\/\/www.clorox.ca\/fr\/wp-json\/wp\/v2\/product_category?post=1717"}],"curies":[{"name":"wp","href":"https:\/\/api.w.org\/{rel}","templated":true}]}}