{"id":1797,"date":"2022-04-28T12:44:20","date_gmt":"2022-04-28T12:44:20","guid":{"rendered":"https:\/\/www.clorox.ca\/?post_type=product&#038;p=1797"},"modified":"2022-09-15T17:21:57","modified_gmt":"2022-09-15T17:21:57","slug":"nettoyant-tout-usage-clorox-green-works-946ml","status":"publish","type":"product","link":"https:\/\/www.clorox.ca\/fr\/produits\/nettoyant-tout-usage-clorox-green-works-946ml\/","title":{"rendered":"Nettoyant tout usage Clorox Green Works\u00ae, 946 mL"},"content":{"rendered":"<p>Le nettoyant tout usage Clorox Green Works\u00ae enl\u00e8ve la graisse et la salet\u00e9 incrust\u00e9e sur de nombreuses surfaces partout dans la maison.<\/p>\r\n<ul> \r\n\t<li>NETTOYANT TOUT USAGE EN VAPORISATEUR: Le nettoyant tout usage de marque Clorox Green Works\u00ae est offert en vaporisateur de 946 mL.<\/li>\r\n\t<li>MULTI-SURFACE: Le nettoyant tout usage Clorox Green Works\u00ae enl\u00e8ve la graisse, les d\u00e9g\u00e2ts et la salet\u00e9 incrust\u00e9e sur de nombreuses surfaces dans la maison.<\/li>\r\n\t<li>VAPORISATEUR INTELLIGENT: La technologie Smart Tube permet de vaporiser le produit jusqu\u2019\u00e0 la derni\u00e8re goutte.<\/li>\r\n\t<li>FORMULE SANS R\u00c9SIDUS: La formule ne laisse aucun r\u00e9sidu chimique fort.<\/li>\r\n<\/ul>\r\n<\/p>\r\n<span>\r\nFormat(s) offert(s):\r\n<ul>\r\n<li>946 mL <\/li>\r\n<\/ul>\r\n<\/span>","protected":false},"featured_media":1816,"template":"","product_category":[104,100,105,135,117,97,107,102],"class_list":["post-1797","product","type-product","status-publish","has-post-thumbnail","hentry","product_category-clorox-fr","product_category-cuisine","product_category-nimporte-ou","product_category-original","product_category-produits-en-vaporisateur","product_category-salle-de-bain","product_category-sans-eau-de-javel","product_category-tout-usage"],"acf":[],"_links":{"self":[{"href":"https:\/\/www.clorox.ca\/fr\/wp-json\/wp\/v2\/product\/1797","targetHints":{"allow":["GET"]}}],"collection":[{"href":"https:\/\/www.clorox.ca\/fr\/wp-json\/wp\/v2\/product"}],"about":[{"href":"https:\/\/www.clorox.ca\/fr\/wp-json\/wp\/v2\/types\/product"}],"version-history":[{"count":6,"href":"https:\/\/www.clorox.ca\/fr\/wp-json\/wp\/v2\/product\/1797\/revisions"}],"predecessor-version":[{"id":2115,"href":"https:\/\/www.clorox.ca\/fr\/wp-json\/wp\/v2\/product\/1797\/revisions\/2115"}],"wp:featuredmedia":[{"embeddable":true,"href":"https:\/\/www.clorox.ca\/fr\/wp-json\/wp\/v2\/media\/1816"}],"wp:attachment":[{"href":"https:\/\/www.clorox.ca\/fr\/wp-json\/wp\/v2\/media?parent=1797"}],"wp:term":[{"taxonomy":"product_category","embeddable":true,"href":"https:\/\/www.clorox.ca\/fr\/wp-json\/wp\/v2\/product_category?post=1797"}],"curies":[{"name":"wp","href":"https:\/\/api.w.org\/{rel}","templated":true}]}}