{"id":1875,"date":"2022-05-17T16:57:47","date_gmt":"2022-05-17T16:57:47","guid":{"rendered":"https:\/\/www.clorox.ca\/?post_type=product&#038;p=1875"},"modified":"2022-05-17T17:55:18","modified_gmt":"2022-05-17T17:55:18","slug":"serviettes-nettoyantes-non-parfumees-clorox-green-works","status":"publish","type":"product","link":"https:\/\/www.clorox.ca\/fr\/produits\/serviettes-nettoyantes-non-parfumees-clorox-green-works\/","title":{"rendered":"Serviettes nettoyantes non parfum\u00e9es Clorox\u00ae Green Works\u00ae"},"content":{"rendered":"<p>Les serviettes nettoyantes non parfum\u00e9es Clorox\u00ae Green Works\u00ae nettoient efficacement la salet\u00e9 et les d\u00e9g\u00e2ts sans \u00e9manations ni ingr\u00e9dients chimiques forts. Elles peuvent donc \u00eatre utilis\u00e9es sans danger en pr\u00e9sence d\u2019enfants et d\u2019animaux familiers ainsi que sur les surfaces de contact alimentaire*. <\/p>\r\n<ul>\r\n\t<li>NETTOYANT MULTI-SURFACE: Les serviettes nettoyantes Clorox\u00ae Green Works\u00ae nettoient efficacement un grand nombre de surfaces dures dans la maison, telles que les aires des animaux et des enfants. Elles peuvent \u00eatre utilis\u00e9es sans danger en pr\u00e9sence d\u2019enfants ou d\u2019animaux familiers ainsi que sur les surfaces de contact alimentaire*.<\/li>\r\n\t<li>SANS INGR\u00c9DIENTS CHIMIQUES FORTS: Les serviettes nettoyantes Clorox\u00ae Green Works\u00ae offrent un nettoyage sans eau de Javel, sans ingr\u00e9dients chimiques forts et sans \u00e9manations. <\/li>\r\n\t<li>MAT\u00c9RIAU TEXTILE D\u2019ORIGINE V\u00c9G\u00c9TALE: R\u00e9sistantes et faites \u00e0 partir d\u2019un mat\u00e9riau textile d\u2019origine v\u00e9g\u00e9tale, les serviettes nettoyantes Clorox\u00ae Green Works\u00ae sont certifi\u00e9es par la EPA am\u00e9ricaine en tant que choix plus s\u00fbr pour l\u2019environnement.<\/li>\r\n\t<li>SERVIETTES TOUT USAGE: Facilement accessibles, ces serviettes nettoyantes sont parfaites pour nettoyer rapidement les petits et gros d\u00e9g\u00e2ts du quotidien sur un grand nombre de surfaces partout dans la maison.<\/li>","protected":false},"featured_media":1871,"template":"","product_category":[104,100,108,94,92,99,143,101,97,107,110,102,142,140],"class_list":["post-1875","product","type-product","status-publish","has-post-thumbnail","hentry","product_category-clorox-fr","product_category-cuisine","product_category-exterieur","product_category-lessive-fr","product_category-marque","product_category-nettoyage-et-desinfection","product_category-ou-utiliser","product_category-planchers","product_category-salle-de-bain","product_category-sans-eau-de-javel","product_category-serviettes","product_category-tout-usage","product_category-type-de-produit","product_category-usage-du-produit"],"acf":[],"_links":{"self":[{"href":"https:\/\/www.clorox.ca\/fr\/wp-json\/wp\/v2\/product\/1875","targetHints":{"allow":["GET"]}}],"collection":[{"href":"https:\/\/www.clorox.ca\/fr\/wp-json\/wp\/v2\/product"}],"about":[{"href":"https:\/\/www.clorox.ca\/fr\/wp-json\/wp\/v2\/types\/product"}],"version-history":[{"count":9,"href":"https:\/\/www.clorox.ca\/fr\/wp-json\/wp\/v2\/product\/1875\/revisions"}],"predecessor-version":[{"id":1885,"href":"https:\/\/www.clorox.ca\/fr\/wp-json\/wp\/v2\/product\/1875\/revisions\/1885"}],"wp:featuredmedia":[{"embeddable":true,"href":"https:\/\/www.clorox.ca\/fr\/wp-json\/wp\/v2\/media\/1871"}],"wp:attachment":[{"href":"https:\/\/www.clorox.ca\/fr\/wp-json\/wp\/v2\/media?parent=1875"}],"wp:term":[{"taxonomy":"product_category","embeddable":true,"href":"https:\/\/www.clorox.ca\/fr\/wp-json\/wp\/v2\/product_category?post=1875"}],"curies":[{"name":"wp","href":"https:\/\/api.w.org\/{rel}","templated":true}]}}