{"id":2766,"date":"2026-04-27T19:13:37","date_gmt":"2026-04-27T19:13:37","guid":{"rendered":"https:\/\/www.clorox.ca\/products\/eau-de-javel-clorox-scentiva-au-parfumee\/"},"modified":"2026-04-27T22:52:27","modified_gmt":"2026-04-27T22:52:27","slug":"eau-de-javel-clorox-scentiva-au-parfumee","status":"publish","type":"product","link":"https:\/\/www.clorox.ca\/fr\/produits\/eau-de-javel-clorox-scentiva-au-parfumee\/","title":{"rendered":"Eau de javel parfum\u00e9e Clorox\ud83c\udd6a Scentiva\ud83c\udd6a"},"content":{"rendered":"<p>L\u2019eau de Javel liquide parfum\u00e9e Clorox Scentiva allie le pouvoir nettoyant de l\u2019eau de Javel Clorox au d\u00e9licieux parfum de la lavande et du jasmin.<br \/>\r\n<ul>\r\n \t<li>Ce produit 3-en-1 nettoie en profondeur, ravive et d\u00e9sodorise.<\/li>\r\n \t<li>La formule d\u00e9gage un parfum rafra\u00eechissant de lavande et de jasmin.<\/li>\r\n \t<li>NETTOYANT TOUT USAGE POUR LA MAISON: Ajoutez l\u2019eau de Javel Clorox Scentiva \u00e0 votre arsenal de produits d\u2019entretien m\u00e9nager pour nettoyer et d\u00e9sodoriser la salle de bain, la cuisine, les comptoirs, les toilettes, les articles pour animaux de compagnie, les jouets et bien plus encore.*<\/li>\r\n \t<li>EAU DE JAVEL POUR LA LESSIVE: Efficace pour \u00e9liminer les taches, l\u2019eau de Javel Clorox Scentiva est id\u00e9ale pour le lavage des tissus javellisables. Il suffit de l\u2019utiliser avec le d\u00e9tergent \u00e0 lessive conform\u00e9ment au mode d\u2019emploi.<\/li>\r\n \t<li>NETTOYANT POUR TACHES DE MOISISSURE: Utilisez l\u2019eau de Javel Clorox Scentiva comme nettoyant anti-moisissure sur les surfaces de la salle de bain, y compris la cabine de douche, la baignoire, le lavabo et plus encore. Gardez toujours un contenant \u00e0 votre port\u00e9e pour assurer la propret\u00e9 de votre foyer.*<\/li>\r\n<\/ul>\r\n<\/p>\r\n<span>Format(s) offert(s) :\r\n<ul>\r\n<li>2.4 L<\/li>\r\n<\/ul>\r\n<\/p>\r\n\r\n<p><sup>* Utilisez le produit selon le mode d\u2019emploi.<\/sup><\/p>","protected":false},"featured_media":2762,"template":"","product_category":[104,100,103,96,98,163,94,93,105,99,101,95,109,97,102],"class_list":["post-2766","product","type-product","status-publish","has-post-thumbnail","hentry","product_category-clorox-fr","product_category-cuisine","product_category-desodorisation","product_category-detachants","product_category-eau-de-javel","product_category-lavande-et-jasmin","product_category-lessive-fr","product_category-lessive","product_category-nimporte-ou","product_category-nettoyage-et-desinfection","product_category-planchers","product_category-produits-liquides","product_category-produits-parfumes","product_category-salle-de-bain","product_category-tout-usage"],"acf":[],"_links":{"self":[{"href":"https:\/\/www.clorox.ca\/fr\/wp-json\/wp\/v2\/product\/2766","targetHints":{"allow":["GET"]}}],"collection":[{"href":"https:\/\/www.clorox.ca\/fr\/wp-json\/wp\/v2\/product"}],"about":[{"href":"https:\/\/www.clorox.ca\/fr\/wp-json\/wp\/v2\/types\/product"}],"version-history":[{"count":3,"href":"https:\/\/www.clorox.ca\/fr\/wp-json\/wp\/v2\/product\/2766\/revisions"}],"predecessor-version":[{"id":2776,"href":"https:\/\/www.clorox.ca\/fr\/wp-json\/wp\/v2\/product\/2766\/revisions\/2776"}],"wp:featuredmedia":[{"embeddable":true,"href":"https:\/\/www.clorox.ca\/fr\/wp-json\/wp\/v2\/media\/2762"}],"wp:attachment":[{"href":"https:\/\/www.clorox.ca\/fr\/wp-json\/wp\/v2\/media?parent=2766"}],"wp:term":[{"taxonomy":"product_category","embeddable":true,"href":"https:\/\/www.clorox.ca\/fr\/wp-json\/wp\/v2\/product_category?post=2766"}],"curies":[{"name":"wp","href":"https:\/\/api.w.org\/{rel}","templated":true}]}}