{"id":2777,"date":"2026-04-27T23:02:44","date_gmt":"2026-04-27T23:02:44","guid":{"rendered":"https:\/\/www.clorox.ca\/products\/gel-desinfectant-pour-cuvette-clorox-scentiva\/"},"modified":"2026-04-28T00:02:29","modified_gmt":"2026-04-28T00:02:29","slug":"gel-desinfectant-pour-cuvette-clorox-scentiva","status":"publish","type":"product","link":"https:\/\/www.clorox.ca\/fr\/produits\/gel-desinfectant-pour-cuvette-clorox-scentiva\/","title":{"rendered":"Gel d\u00e9sinfectant pour cuvette Clorox\ud83c\udd6a Scentiva\ud83c\udd6a"},"content":{"rendered":"<p>Le gel d\u00e9sinfectant pour cuvette Clorox Scentiva au parfum de lavande et de jasmin allie le pouvoir nettoyant d\u00e9montr\u00e9 des produits Clorox \u00e0 un frais parfum qui rehausse l\u2019exp\u00e9rience de nettoyage.<br \/>\r\n<ul>\r\n \t<li>Nettoyez et assainissez votre cuvette de toilette avec le gel d\u00e9sinfectant pour cuvette Clorox Scentiva, qui aide \u00e0 laisser les surfaces \u00e9tincelantes de propret\u00e9 tout en tuant 99,9\u00a0% des germes.<\/li>\r\n \t<li>La formule est con\u00e7ue pour d\u00e9loger les taches les plus tenaces, y compris les traces d\u2019eau dure, les taches de rouille et les d\u00e9p\u00f4ts de calcaire.<\/li>\r\n \t<li>Figurant au nombre de nos parfums Clorox Scentiva soigneusement assembl\u00e9s, cet ar\u00f4me floral de lavande et de jasmin, entrem\u00eal\u00e9 d\u2019un chaud parfum de rose et de jacinthe, est con\u00e7u pour transporter les sens.<\/li>\r\n \t<li>Recouvrez facilement l\u2019int\u00e9rieur de votre cuvette de toilette de gel nettoyant gr\u00e2ce au bouchon applicateur \u00e0 jet large, puis frottez et laissez agir avant d\u2019actionner la chasse d\u2019eau.<\/li>\r\n \t<li>La formule est exempte d\u2019eau de Javel.<\/li>\r\n<\/ul>\r\n<\/p>\r\n<span>Format(s) offert(s) :\r\n<ul>\r\n<li>709 ml<\/li>\r\n<\/ul>","protected":false},"featured_media":2770,"template":"","product_category":[104,103,163,99,120,97,107],"class_list":["post-2777","product","type-product","status-publish","has-post-thumbnail","hentry","product_category-clorox-fr","product_category-desodorisation","product_category-lavande-et-jasmin","product_category-nettoyage-et-desinfection","product_category-produits-en-gel","product_category-salle-de-bain","product_category-sans-eau-de-javel"],"acf":[],"_links":{"self":[{"href":"https:\/\/www.clorox.ca\/fr\/wp-json\/wp\/v2\/product\/2777","targetHints":{"allow":["GET"]}}],"collection":[{"href":"https:\/\/www.clorox.ca\/fr\/wp-json\/wp\/v2\/product"}],"about":[{"href":"https:\/\/www.clorox.ca\/fr\/wp-json\/wp\/v2\/types\/product"}],"version-history":[{"count":1,"href":"https:\/\/www.clorox.ca\/fr\/wp-json\/wp\/v2\/product\/2777\/revisions"}],"predecessor-version":[{"id":2778,"href":"https:\/\/www.clorox.ca\/fr\/wp-json\/wp\/v2\/product\/2777\/revisions\/2778"}],"wp:featuredmedia":[{"embeddable":true,"href":"https:\/\/www.clorox.ca\/fr\/wp-json\/wp\/v2\/media\/2770"}],"wp:attachment":[{"href":"https:\/\/www.clorox.ca\/fr\/wp-json\/wp\/v2\/media?parent=2777"}],"wp:term":[{"taxonomy":"product_category","embeddable":true,"href":"https:\/\/www.clorox.ca\/fr\/wp-json\/wp\/v2\/product_category?post=2777"}],"curies":[{"name":"wp","href":"https:\/\/api.w.org\/{rel}","templated":true}]}}