{"id":2795,"date":"2026-04-28T00:16:02","date_gmt":"2026-04-28T00:16:02","guid":{"rendered":"https:\/\/www.clorox.ca\/products\/nettoyent-desinfectant-clorox-scentiva\/"},"modified":"2026-04-28T00:20:18","modified_gmt":"2026-04-28T00:20:18","slug":"nettoyent-desinfectant-clorox-scentiva","status":"publish","type":"product","link":"https:\/\/www.clorox.ca\/fr\/produits\/nettoyent-desinfectant-clorox-scentiva\/","title":{"rendered":"Nettoyant d\u00e9sinfectant Clorox\ud83c\udd6a Scentiva\ud83c\udd6a"},"content":{"rendered":"<p>Le nettoyant d\u00e9sinfectant Clorox Scentiva allie le pouvoir nettoyant et d\u00e9sinfectant d\u00e9montr\u00e9 des produits Clorox \u00e0 des parfums vivifiants et durables.<br \/>\r\n<ul>\r\n \t<li>Ce nettoyant d\u00e9sinfectant tue 99,99\u00a0% des bact\u00e9ries et des virus tout en d\u00e9gageant un parfum extraordinaire.<\/li>\r\n \t<li>La formule 3-en-1 nettoie, d\u00e9sodorise et rafra\u00eechit.<\/li>\r\n \t<li>Il d\u00e9loge efficacement la graisse et la salet\u00e9 incrust\u00e9e.<\/li>\r\n \t<li>Il peut \u00eatre utilis\u00e9 sans danger sur une foule de surfaces.<\/li>\r\n \t<li>La formule est exempte d\u2019eau de Javel.<\/li>\r\n<\/ul><\/p>\r\n<span>Format(s) offert(s) :\r\n<ul>\r\n<li>709 mL<\/li>\r\n<\/ul>","protected":false},"featured_media":2783,"template":"","product_category":[114,104,100,96,105,99,167,166,101,117,97,107,102],"class_list":["post-2795","product","type-product","status-publish","has-post-thumbnail","hentry","product_category-assainissement","product_category-clorox-fr","product_category-cuisine","product_category-detachants","product_category-nimporte-ou","product_category-nettoyage-et-desinfection","product_category-noix-de-coco-et-fleur-de-nenuphar","product_category-pamplemousee-et-fleur-doranger","product_category-planchers","product_category-produits-en-vaporisateur","product_category-salle-de-bain","product_category-sans-eau-de-javel","product_category-tout-usage"],"acf":[],"_links":{"self":[{"href":"https:\/\/www.clorox.ca\/fr\/wp-json\/wp\/v2\/product\/2795","targetHints":{"allow":["GET"]}}],"collection":[{"href":"https:\/\/www.clorox.ca\/fr\/wp-json\/wp\/v2\/product"}],"about":[{"href":"https:\/\/www.clorox.ca\/fr\/wp-json\/wp\/v2\/types\/product"}],"version-history":[{"count":1,"href":"https:\/\/www.clorox.ca\/fr\/wp-json\/wp\/v2\/product\/2795\/revisions"}],"predecessor-version":[{"id":2797,"href":"https:\/\/www.clorox.ca\/fr\/wp-json\/wp\/v2\/product\/2795\/revisions\/2797"}],"wp:featuredmedia":[{"embeddable":true,"href":"https:\/\/www.clorox.ca\/fr\/wp-json\/wp\/v2\/media\/2783"}],"wp:attachment":[{"href":"https:\/\/www.clorox.ca\/fr\/wp-json\/wp\/v2\/media?parent=2795"}],"wp:term":[{"taxonomy":"product_category","embeddable":true,"href":"https:\/\/www.clorox.ca\/fr\/wp-json\/wp\/v2\/product_category?post=2795"}],"curies":[{"name":"wp","href":"https:\/\/api.w.org\/{rel}","templated":true}]}}