{"id":2803,"date":"2026-05-04T21:05:07","date_gmt":"2026-05-04T21:05:07","guid":{"rendered":"https:\/\/www.clorox.ca\/products\/serviettes-desinfectantes-clorox-scentiva\/"},"modified":"2026-05-04T21:20:27","modified_gmt":"2026-05-04T21:20:27","slug":"serviettes-desinfectantes-clorox-scentiva","status":"publish","type":"product","link":"https:\/\/www.clorox.ca\/fr\/produits\/serviettes-desinfectantes-clorox-scentiva\/","title":{"rendered":"Serviettes d\u00e9sinfectantes Clorox\ud83c\udd6a Scentiva\ud83c\udd6a, sans eau de Javel"},"content":{"rendered":"<p>Les serviettes d\u00e9sinfectantes Clorox Scentiva allient la puissance d\u00e9montr\u00e9e des produits Clorox \u00e0 des parfums vivifiants pour nettoyer, \u00e9liminer les odeurs et laisser une fra\u00eecheur durable.<br \/>\r\n<ul>\r\n \t<li>Nettoyez, d\u00e9sinfectez et respirez un parfum frais et durable gr\u00e2ce \u00e0 ces serviettes nettoyantes tout-en-un sans eau de Javel.<\/li>\r\n \t<li>Figurant au nombre de nos parfums Clorox Scentiva soigneusement assembl\u00e9s, cet ar\u00f4me m\u00fbr et juteux du pamplemousse et de la fleur d\u2019oranger est con\u00e7u pour revigorer les sens.<\/li>\r\n \t<li>Ces serviettes \u00e9liminent 99,9 % des bact\u00e9ries et des virus en offrant le pouvoir nettoyant de Clorox jumel\u00e9 \u00e0 l\u2019un des parfums de la gamme Scentiva.<\/li>\r\n \t<li>La formule d\u00e9loge la graisse, les r\u00e9sidus de savon et la salet\u00e9 incrust\u00e9e sans laisser de traces au s\u00e9chage, vous permettant ainsi de nettoyer n\u2019importe quelle surface en toute confiance.<\/li>\r\n \t<li>C\u2019est le produit id\u00e9al pour le nettoyage des surfaces courantes dans la maison.<\/li>\r\n<\/ul><\/p>\r\n<span>Format(s) offert(s) :\r\n<ul>\r\n<li>75 serviettes<\/li>\r\n<\/ul>","protected":false},"featured_media":2792,"template":"","product_category":[114,100,108,99,167,166,113,101,109,97,107,110,102],"class_list":["post-2803","product","type-product","status-publish","has-post-thumbnail","hentry","product_category-assainissement","product_category-cuisine","product_category-exterieur","product_category-nettoyage-et-desinfection","product_category-noix-de-coco-et-fleur-de-nenuphar","product_category-pamplemousee-et-fleur-doranger","product_category-pendant-les-deplacements","product_category-planchers","product_category-produits-parfumes","product_category-salle-de-bain","product_category-sans-eau-de-javel","product_category-serviettes","product_category-tout-usage"],"acf":[],"_links":{"self":[{"href":"https:\/\/www.clorox.ca\/fr\/wp-json\/wp\/v2\/product\/2803","targetHints":{"allow":["GET"]}}],"collection":[{"href":"https:\/\/www.clorox.ca\/fr\/wp-json\/wp\/v2\/product"}],"about":[{"href":"https:\/\/www.clorox.ca\/fr\/wp-json\/wp\/v2\/types\/product"}],"version-history":[{"count":1,"href":"https:\/\/www.clorox.ca\/fr\/wp-json\/wp\/v2\/product\/2803\/revisions"}],"predecessor-version":[{"id":2804,"href":"https:\/\/www.clorox.ca\/fr\/wp-json\/wp\/v2\/product\/2803\/revisions\/2804"}],"wp:featuredmedia":[{"embeddable":true,"href":"https:\/\/www.clorox.ca\/fr\/wp-json\/wp\/v2\/media\/2792"}],"wp:attachment":[{"href":"https:\/\/www.clorox.ca\/fr\/wp-json\/wp\/v2\/media?parent=2803"}],"wp:term":[{"taxonomy":"product_category","embeddable":true,"href":"https:\/\/www.clorox.ca\/fr\/wp-json\/wp\/v2\/product_category?post=2803"}],"curies":[{"name":"wp","href":"https:\/\/api.w.org\/{rel}","templated":true}]}}